{"id":202,"date":"2020-06-03T18:29:44","date_gmt":"2020-06-03T16:29:44","guid":{"rendered":"http:\/\/abtei.kloster-weltenburg.de\/?page_id=202"},"modified":"2022-04-02T16:50:31","modified_gmt":"2022-04-02T14:50:31","slug":"literaturverzeichnis","status":"publish","type":"page","link":"https:\/\/www.kloster-weltenburg.de\/en\/kloster-kirche\/literaturverzeichnis\/","title":{"rendered":"Literaturverzeichnis"},"content":{"rendered":"<div class=\"inhalt\">\n<div class=\"inhaltmain\">\n<div class=\"inhaltmain_ganz\">Hrsg. Georg Schwaiger<strong><br>\nChronik Kloster Weltenburg<\/strong>\n<div align=\"left\">\n<div style=\"text-align: justify;\" align=\"left\">\n<p><b>Wel\u00adtenburg.&nbsp;<\/b><strong>Geschichte und Gegenwart<\/strong><br>\nWei\u00dfen\u00adhorn 2014. Leinen mit Schutzum\u00adschlag. 21,5x22,5 cm. 528 Seiten<br>\nmit 248 gro\u00dfteils far\u00adbigen Tafelabbildungen.<br>\nISBN 978\u20133\u201187437\u2013472\u20119<\/p>\n<p>Nun liegt erst\u00admals eine Gesamt\u00adgeschichte Wel\u00adtenburgs vor, her\u00adaus\u00adgegeben von Georg Schwaiger, em. Pro\u00adfes\u00adsor f\u00fcr Mit\u00adtlere und Neuere Kirchengeschichte an der Lud\u00adwig-Max\u00adi\u00adm\u00adil\u00adians-Uni\u00adver\u00adsit\u00e4t M\u00fcnchen, mit Beitr\u00e4\u00adgen von 14 renom\u00admierten Fachautoren.<\/p>\n<p>Der Band erscheint vor dem Hin\u00adter\u00adgrund der Hun\u00addert\u00adjahrfeier der Erhe\u00adbung des 1842 unter Lud\u00adwig I. errichteten Pri\u00ado\u00adrats zur Abtei im Jahre 1913 durch den let\u00adzten bay\u00aderischen K\u00f6nig Lud\u00adwig III. Die neue Kloster\u00admono\u00adgra\u00adphie ist reich aus\u00adges\u00adtat\u00adtet mit aus\u00adge\u00adsucht\u00aden, meist far\u00adbigen Abbildungen.<\/p>\n<p><span id=\"more-1168\"><\/span>&nbsp;Abt Benedikt Wern\u00ader (reg. 1786\u20131803), let\u00adzter Pr\u00e4lat der Benedik\u00adtin\u00ader\u00ada\u00adbtei Wel\u00adtenburg vor der S\u00e4ku\u00adlar\u00adi\u00adsa\u00adtion von 1803, ver\u00adfasste als Forsch\u00ader in M\u00fcnchen bis 1830 eine Geschichte Wel\u00adtenburgs in 24 B\u00fcch\u00adern. Die Hand\u00adschrift \u00fcber\u00adgab er der K\u00f6nigl. Hof\u00adbib\u00adlio\u00adthek, der heuti\u00adgen Bay\u00aderischen Staatsbibliothek.<\/p>\n<p>Noch 1726 war in Michael Wen\u00adings mit gro\u00dfen Kupfer\u00adstichen erschienen\u00ader Beschrei\u00adbung des Kur\u00adf\u00fcrsten\u00adtums Bay\u00adern (Band 4. Rentamt Straubing\/Niederbayern) der Ken\u00adnt\u00adnis\u00adstand Johann Tur\u00admairs, genan\u00adnt Aventin (aus den nahen Abens\u00adberg) ver\u00adbre\u00adit\u00adet wor\u00adden: Wel\u00adtenburg \u2013 St. Rupert, der Bay\u00ader\u00adna\u00adpos\u00adtel, zer\u00adst\u00f6rt den Min\u00ader\u00advatem\u00adpel, und Her\u00adzog Tas\u00adsi\u00adlo stiftet im Jahre 575 das Kloster.<\/p>\n<p>Die ganze Umge\u00adbung Wel\u00adtenburgs ist \u00e4ltester Kul\u00adtur\u00adbo\u00adden im mit\u00adtleren Europa. Drei Dinge vor allem sind es, die heute den Ruhm Wel\u00adtenburgs aus\u00admachen und Besuch\u00ader aus weit\u00aden Teilen der Welt anlock\u00aden: Das ehrw\u00fcrdi\u00adge Alter, die einzi\u00adgar\u00adtige Sch\u00f6n\u00adheit der Land\u00adschaft am Ein\u00adgang des felsen\u00adbe\u00adwehrten Donaudurch\u00adbruchs und die wun\u00adder\u00adsame Asamkirche.<\/p>\n<p>Zu Beginn des 18. Jahrhun\u00adderts wurde der aus der Abtei Ens\u00addorf pos\u00adtulierte Mau\u00adrus B\u00e4chl (reg. 1713\u20131743) zum Abt des oft von Krisen heimge\u00adsucht\u00aden Kon\u00advents gew\u00e4hlt.<\/p>\n<p>Durch sein zupack\u00adendes Auftreten und sein diplo\u00adma\u00adtis\u00adches Geschick \u00e4nderte sich alles: Strahlend tritt Wel\u00adtenburg ins zweite Drit\u00adtel des 18. Jahrhun\u00adderts mit neuen Geb\u00e4u\u00adden und mit ein\u00ader spek\u00adtakul\u00e4ren neuen Kirche, dem ersten Bau des r\u00f6mis\u00adchen Barock in Alt\u00adbay\u00adern \u2013 wie aus dem Lehrbuch des Borromini.<\/p>\n<p>Mau\u00adrus B\u00e4chl hat\u00adte Cos\u00admas Dami\u00adan Asam in Ens\u00addorf ken\u00adnen\u00adgel\u00adernt. Asam hat\u00adte mit\u00adtler\u00adweile sein Studi\u00adum an der Accad\u00ade\u00admia di S. Luca in Rom mit Preisver\u00adlei\u00adhung abgeschlossen. Bei seinem ersten Werk \u00bbnach Rom\u00ab trat er nicht nur als Maler son\u00addern auch \u2013 und nur ein einziges Mal \u2013 als Architekt auf. Nun beste\u00adhen die einzel\u00adnen Kun\u00adst\u00adgat\u00adtun\u00adgen nicht mehr nebeneinan\u00adder. Asam schafft hier eine Raumkun\u00adst ohne Par\u00adal\u00adlele in Rom und Bay\u00adern. Sein Brud\u00ader Egid Quirin (sp\u00e4ter der Architekt in der \u00bbFir\u00adma\u00ab) \u00fcbern\u00adimmt die Stuck\u00adausstat\u00adtung, das Fig\u00fcr\u00adliche und die Marmoralt\u00e4re.<\/p>\n<p>Jet\u00adzt bildet die neue Darstel\u00adlung von Robert Stal\u00adla \u00fcber Bau und Bedeu\u00adtung des Werkes der Asam in Wel\u00adtenburg einen Kern der neuen Klostermonographie.<\/p>\n<p>Nach den Abhand\u00adlun\u00adgen \u00fcber das \u00bbalte\u00ab, 1803 aufge\u00adhobene Wel\u00adtenburg bietet dieser Band auch vier Beitr\u00e4ge \u00fcber den nach 1842 wieder\u00ader\u00adstande\u00adnen Kon\u00advent (zuerst Pri\u00ado\u00adrat, ab 1913 Abtei) bis hin zur 2006 gelun\u00adgenen Sicherung des Kloster\u00adareals gegen die Heim\u00adsuchun\u00adgen der Hochwass\u00ader f\u00fchren\u00adden&nbsp;Donau.<\/p>\n<p>Die von Gertrud Diepold\u00ader erar\u00adbeit\u00adete Abhand\u00adlung \u00fcber die Fr\u00fchgeschichte wird nach Fer\u00adtig\u00adstel\u00adlung geson\u00addert erscheinen.<\/p>\n<p><a href=\"https:\/\/kloster-weltenburg.de\/wp-content\/uploads\/Inhaltsverzeichnis.pdf\" target=\"_blank\" rel=\"noopener noreferrer\">zum Inhaltsverze\u00adich\u00adnis (PDF-Datei)<\/a><\/p>\n<p>Anton H. Kon\u00adrad Ver\u00adlag \u2014 Schul\u00adstra\u00dfe 5 \u2014 89264 Wei\u00dfenhorn<\/p>\n<\/div>\n<div style=\"text-align: justify;\" align=\"left\">&nbsp;<\/div>\n<div style=\"text-align: justify;\" align=\"left\">Lothar Alt\u00admann&nbsp;<br>\n<b>Benedik\u00adtin\u00ader\u00ada\u00adbtei Wel\u00adtenburg a. d. Donau<\/b>&nbsp;<br>\nGeschichte und&nbsp;Kunst&nbsp;<br>\nGro\u00dfer Kun\u00adst\u00adf\u00fchrer Schnell &amp; Stein\u00ader Band&nbsp;86&nbsp;<br>\nBroschur, 60 Seit\u00aden, Farbfotos&nbsp;<br>\n3795411173<\/div>\n<div style=\"text-align: justify;\" align=\"left\">&nbsp;<\/div>\n<div align=\"left\">Zeittafel zur Baugeschichte von Kloster und Kirche&nbsp;<br>\nHis\u00adtorische Voraussetzungen&nbsp;<br>\nGeschichte des Klosters&nbsp;<br>\nDas Klostergeb\u00e4ude&nbsp;<br>\nDie Klosterkirche St. Georg und Martin&nbsp;<br>\nDie Wall\u00adfahrt\u00adskirche U. L. Frau auf dem Frauenberg&nbsp;<br>\nBenedik\u00adtinis\u00adches Leben in Wel\u00adtenburg heute&nbsp;<br>\nK\u00fcn\u00adstler und Handw\u00aderk\u00ader in Weltenburg&nbsp;<br>\nLiteraturauswahl&nbsp;\n<p style=\"text-align: justify;\">&nbsp;<\/p>\n<p style=\"text-align: justify;\"><b>Tra\u00addi\u00adtio\u00adnen, Urkun\u00adden und Urbare des Klosters Wel\u00adtenburg<\/b>&nbsp;<br>\nBroschur, 64 Seit\u00aden (1996), Beck, M\u00fcnchen&nbsp;<br>\n3406103669&nbsp;<\/p>\n<p style=\"text-align: justify;\">&nbsp;<\/p>\n<p style=\"text-align: justify;\">Her\u00admann und Anna&nbsp;Bauer&nbsp;<br>\n<b>Kl\u00f6ster in Bay\u00adern<\/b>&nbsp;<br>\nGebun\u00addene Aus\u00adgabe, 301 Seit\u00aden (1993), Beck, M\u00fcnchen&nbsp;<br>\n3406377548&nbsp;<\/p>\n<p style=\"text-align: justify;\">&nbsp;<\/p>\n<p style=\"text-align: justify;\">Georg Schwaiger&nbsp;<br>\n<b>M\u00f6nch\u00adtum, Orden, Kl\u00f6ster<\/b>&nbsp;<br>\nVon den Anf\u00e4n\u00adgen bis zur Gegenwart&nbsp;<br>\nLexikon&nbsp;<br>\nGebun\u00addene Aus\u00adgabe, 482 Seit\u00aden (1993), Beck, M\u00fcnchen&nbsp;<br>\n3406373143&nbsp;<\/p>\n<p style=\"text-align: justify;\">&nbsp;<\/p>\n<p style=\"text-align: justify;\">Georg Schwaiger&nbsp;<br>\n<b>Orden und Kl\u00f6ster<\/b>&nbsp;<br>\nDas christliche M\u00f6nch\u00adtum in der Geschichte&nbsp;<br>\nTaschen\u00adbuch, 112 Seit\u00aden (2002), Beck, M\u00fcnchen&nbsp;<br>\n3406479960&nbsp;<\/p>\n<p style=\"text-align: justify;\">&nbsp;<\/p>\n<p style=\"text-align: justify;\">James Hogg&nbsp;<br>\n<b>Die geheimnisvolle Welt der Kl\u00f6ster<\/b>&nbsp;<br>\nGebun\u00addene Aus\u00adgabe, 144 Seit\u00aden (1998), Pat\u00adt\u00adloch, Augsburg&nbsp;<br>\nBenedik\u00adtin\u00ader, Zis\u00adterzienser, Kart\u00e4user, Trap\u00adpis\u00adten \u2014 dieser Bild\u00adband bietet eine Geschichte des M\u00f6nch\u00adtums von den Anf\u00e4n\u00adgen bis in die Gegen\u00adwart. Bish\u00ader unver\u00f6f\u00adfentlichte Bilder doku\u00admen\u00adtieren die Innen\u00adwelt der Kl\u00f6ster.&nbsp;<br>\n362900105X&nbsp;<\/p>\n<p style=\"text-align: justify;\">&nbsp;<\/p>\n<p style=\"text-align: justify;\">Regi\u00adnald Gre\u00adgoir, Leo Moulin, Ray\u00admond Oursel&nbsp;<br>\n<b>Die Kul\u00adtur der Kl\u00f6ster<\/b>&nbsp;<br>\nGebun\u00addene Aus\u00adgabe, 288 Seit\u00aden (1995), Belser, Stuttgart<br>\n3763023135&nbsp;<\/p>\n<p style=\"text-align: justify;\">&nbsp;<\/p>\n<p style=\"text-align: justify;\">Die Regel des heili\u00adgen Benedikt&nbsp;<br>\n<b>Deutsche Aus\u00adgabe<\/b>&nbsp;<br>\nTaschen\u00adbuch, 152 Seit\u00aden, Beu\u00adroner Kunstverlag&nbsp;<br>\n3870710608&nbsp;<\/p>\n<p style=\"text-align: justify;\">&nbsp;<\/p>\n<p style=\"text-align: justify;\"><b>Die Benedik\u00adtus-Regel&nbsp;<br>\nReg\u00adu\u00adla Bene\u00addic\u00adti<\/b>&nbsp;<br>\nLateinisch-Deutsch&nbsp;<br>\nGebun\u00addene Aus\u00adgabe, 314 Seit\u00aden (1996), Beu\u00adroner Kunstverlag&nbsp;<br>\n3870710616&nbsp;<\/p>\n<p style=\"text-align: justify;\">&nbsp;<\/p>\n<p style=\"text-align: justify;\">Georg Holzherr&nbsp;<br>\n<b>Die Benedik\u00adt\u00adsregel. Eine Anleitung zu christlichem Leben<\/b>&nbsp;<br>\nAus\u00adgabe mit Kommentar&nbsp;<br>\nBroschur gebun\u00adden, 427 Seit\u00aden (1989), Ben\u00adzinger, D\u00fcsseldorf&nbsp;<br>\n3545200663&nbsp;<\/p>\n<p style=\"text-align: justify;\">&nbsp;<\/p>\n<p style=\"text-align: justify;\">Edgar Fried\u00admann&nbsp;<br>\n<b>Ordensleben gestern, heute, mor\u00adgen<\/b>&nbsp;<br>\nTaschen\u00adbuch (1996), Vier-T\u00fcrme-Ver\u00adlag, M\u00fcnsterschwarzach&nbsp;<br>\n3878685386&nbsp;<\/p>\n<p style=\"text-align: justify;\">&nbsp;<\/p>\n<p style=\"text-align: justify;\">Franz Georg Unterga\u00dfmair&nbsp;<br>\n<b>Ordensleben im Sinne der Bibel<\/b>&nbsp;<br>\nTaschen\u00adbuch, 234 Seit\u00aden (1994), Tyro\u00adlia Ver\u00adlag, Innsbruck&nbsp;<br>\n3702219439&nbsp;<\/p>\n<p style=\"text-align: justify;\">&nbsp;<\/p>\n<p style=\"text-align: justify;\">Ludger Schulte&nbsp;<br>\n<b>Auf\u00adbruch aus der Mitte<\/b>&nbsp;<br>\nTaschen\u00adbuch, 570 Seit\u00aden, Echter, W\u00fcrzburg&nbsp;<br>\n3429019877&nbsp;<\/p>\n<p style=\"text-align: justify;\">&nbsp;<\/p>\n<p style=\"text-align: justify;\">Chris\u00adt\u00adian Sch\u00fctz, Philip\u00adpa&nbsp;Rath&nbsp;<br>\n<b>Der Benedik\u00adtineror\u00adden<\/b>&nbsp;<br>\nGott suchen in Gebet und Arbeit&nbsp;<br>\nTaschen\u00adbuch, 240 Seit\u00aden (1994), M. Gr\u00fcnewald, Mainz&nbsp;<br>\n3786717966&nbsp;<br>\nBenedikt von Nur\u00adsia beschreibt das ganze Leben des Men\u00adschen als Suche nach Gott. Ein Weg, diese Gottsuche zu ver\u00adwirk\u00adlichen und radikal dem Evan\u00adgeli\u00adum zu fol\u00adgen, ist f\u00fcr ihn das Leben in Gemein\u00adschaft, \u2018unter Regel und Abt\u2019, in Gebet und Arbeit. Unz\u00e4h\u00adlige Frauen und M\u00e4n\u00adner sind sei\u00adther seinem Beispiel gefol\u00adgt und haben sich auf diesen Weg gemacht. Die Kl\u00f6ster der Benedik\u00adtiner\u00adin\u00adnen und Benedik\u00adtin\u00ader sind so ver\u00adschieden wie die Men\u00adschen selb\u00adst. Und doch leben alle nach der einen Regel, die heute so aktuell ist wie vor 1500 Jahren. Die Autorin\u00adnen und Autoren laden ein, sich mit ihnen auf den Weg zu machen. Sie geben Ein\u00adblick in Spir\u00adi\u00adtu\u00adal\u00adit\u00e4t und Geschichte des monas\u00adtis\u00adchen Lebens, bericht\u00aden von Erfahrun\u00adgen, die sie auf ihrem Weg der Gottsuche gemacht haben, und zeigen beispiel\u00adhaft Aspek\u00adte benedik\u00adtinis\u00adch\u00ader Sendung heute.<\/p>\n<p style=\"text-align: justify;\">&nbsp;<\/p>\n<p style=\"text-align: justify;\">Karl Suso&nbsp;Frank&nbsp;<br>\n<b>Geschichte des christlichen M\u00f6nch\u00adtums<\/b>&nbsp;<br>\nTaschen\u00adbuch (1996), Primus, Darmstadt&nbsp;<br>\n3896785001&nbsp;<br>\nDieser gut les\u00adbare \u00dcberblick beschreibt die fast 2000-j\u00e4hrige Geschichte des christlichen Ordenswe\u00adsens von den M\u00f6nchen der \u00e4gyp\u00adtis\u00adchen W\u00fcste bis in unsere Zeit. Die wichtig\u00adsten Gemein\u00adschaften und Entwick\u00adlun\u00adgen wer\u00adden erl\u00e4utert, wobei die gro\u00dfe Wand\u00adlungs\u00adf\u00e4higkeit des M\u00f6nch\u00adsideals im Laufe der Jahrhun\u00adderte deut\u00adlich&nbsp;wird.&nbsp;<\/p>\n<p style=\"text-align: justify;\">Peter Dinzel\u00adbach\u00ader, James L.&nbsp;Hogg&nbsp;<br>\n<b>Kul\u00adturgeschichte der christlichen Orden<\/b>&nbsp;<br>\nIn Einzeldarstellungen&nbsp;<br>\nGebun\u00addene Aus\u00adgabe (1997), Kr\u00f6n\u00ader, Stuttgart&nbsp;<br>\n3520450011&nbsp;<br>\nDer neue Kr\u00f6n\u00ader-Band bietet erst\u00admals kom\u00adprim\u00adiert und all\u00adge\u00admein\u00adver\u00adst\u00e4ndlich einen umfassenden \u00dcberblick \u00fcber die Kul\u00adturleis\u00adtun\u00adgen der gro\u00dfen christlichen Orden. Eine aus\u00adf\u00fchrliche Ein\u00adleitung \u00fcber M\u00f6nch\u00adtum und Kul\u00adtur benen\u00adnt die Hauptlin\u00adien und Gemein\u00adsamkeit\u00aden der his\u00adtorischen und kul\u00adturelle Entwick\u00adlung der christlichen Orden.&nbsp;<\/p>\n<p style=\"text-align: justify;\">&nbsp;<\/p>\n<p style=\"text-align: justify;\">Peter Hawel&nbsp;<br>\n<b>Zwis\u00adchen W\u00fcste und Welt<\/b>&nbsp;<br>\nDas M\u00f6nch\u00adtum im Abendland&nbsp;<br>\nGebun\u00addene Aus\u00adgabe, 446 Seit\u00aden (1997), K\u00f6sel, M\u00fcnchen&nbsp;<br>\n3466364701&nbsp;<br>\n\u00dcber die Jahrhun\u00adderte spiel\u00adten Ordens\u00adbr\u00fcder und \u2011schwest\u00adern eine wichtige Rolle in Kun\u00adst, Erziehung, Poli\u00adtik und Lebens\u00adbe\u00adw\u00e4l\u00adti\u00adgung. Die gesamte Entwick\u00adlung des Abend\u00adlan\u00addes wurde durch sie entschei\u00addend gepr\u00e4gt. Dieser \u00dcberblick \u00fcber die Geschichte des M\u00f6nch\u00adtums zeugt von den kul\u00adturellen Leis\u00adtun\u00adgen der gro\u00dfen Ordens\u00adge\u00admein\u00adschaften und von der spir\u00adituellen Kraft, die vom Leben hin\u00adter Kloster\u00admauern ausgeht.&nbsp;<\/p>\n<p style=\"text-align: justify;\">&nbsp;<\/p>\n<p style=\"text-align: justify;\">Anselm Gr\u00fcn, Chris\u00adtiane Sartorius&nbsp;<br>\n<b>Dem Him\u00admel zur Ehre. Der Erde zum Zeichen<\/b>&nbsp;<br>\nMen\u00adschlich\u00ades Reifen im Ordensleben&nbsp;<br>\nTaschen\u00adbuch, 159 Seit\u00aden (1996), Herder, Freiburg&nbsp;<br>\n3451237946&nbsp;<\/p>\n<p style=\"text-align: justify;\">&nbsp;<\/p>\n<p style=\"text-align: justify;\">Ger\u00adhard Haslbeck&nbsp;<br>\n<b>Gesamtin\u00adstand\u00adset\u00adzung Klosterkirche Wel\u00adtenburg<\/b>&nbsp;<br>\nher\u00adaus\u00adgegeben 2008 vom Staatlichen Bauamt Landshut&nbsp;<br>\n132 Seit\u00aden mit zahlre\u00adichen far\u00adbigen Abbil\u00addun\u00adgen (Fotos und Zeichnungen)&nbsp;<br>\nDas Buch kann direkt per Fax oder Brief bestellt werden:&nbsp;<\/p>\n<p style=\"text-align: justify;\">&nbsp;<\/p>\n<p style=\"text-align: justify;\">Mors\u00adbach,&nbsp;Peter&nbsp;<br>\n<b>Die Br\u00fcder Asam<\/b>&nbsp;<br>\nVom Leben im The\u00adater der&nbsp;Kunst&nbsp;<br>\nkar\u00adtoniert (2011), 144 Seit\u00aden, Pustet, Regensburg&nbsp;<br>\n978\u20133\u20117917\u20132353\u20112&nbsp;<br>\nVer\u00adlag : Pustet, F&nbsp;<br>\nKeine anderen K\u00fcn\u00adstler wer\u00adden so mit dem bay\u00aderischen Sp\u00e4t\u00adbarock gle\u00adichge\u00adset\u00adzt wie Cos\u00admas Dami\u00adan Asam (1686\u20131739) und sein Brud\u00ader Egid Quirin (1692\u20131750). Ihre Sch\u00f6p\u00adfun\u00adgen z\u00e4hlen zu den bedeu\u00adtend\u00adsten Leis\u00adtun\u00adgen, doch \u00fcber sie selb\u00adst gab es bis\u00adlang nur sp\u00e4r\u00adliche Informationen.&nbsp;<br>\nPeter Mors\u00adbach, Dr. phil., geb. 1956, studierte Kun\u00adst\u00adgeschichte, Klas\u00adsis\u00adche Arch\u00e4olo\u00adgie und Denkmalpflege. Ver\u00f6f\u00adfentlichung zahlre\u00adich\u00ader B\u00fccher.&nbsp;<\/p>\n<p style=\"text-align: justify;\">&nbsp;<\/p>\n<p style=\"text-align: justify;\"><br clear=\"all\"><br>\n<br>\n<strong>In jed\u00ader Buch\u00adhand\u00adlung, z.T. auch im Kloster\u00adladen, bitte fra\u00adgen Sie danach.<\/strong><\/p>\n<\/div>\n<\/div>\n<\/div>\n<\/div>\n<\/div>\n","protected":false},"excerpt":{"rendered":"<p>Hrsg. Georg Schwaiger Chronik Kloster Wel\u00adtenburg Wel\u00adtenburg.&nbsp;Geschichte und Gegen\u00adwart Wei\u00dfen\u00adhorn 2014. Leinen mit Schutzum\u00adschlag. 21,5x22,5 cm. 528 Seit\u00aden mit 248 gro\u00dfteils far\u00adbigen Tafe\u00adlab\u00adbil\u00addun\u00adgen. ISBN 978\u20133\u201187437\u2013472\u20119 Nun liegt erst\u00admals eine Gesamt\u00adgeschichte Wel\u00adtenburgs vor, her\u00adaus\u00adgegeben von Georg Schwaiger, em. Pro\u00adfes\u00adsor f\u00fcr Mit\u00adtlere und Neuere Kirchengeschichte an der Lud\u00adwig-Max\u00adi\u00adm\u00adil\u00adians-Uni\u00adver\u00adsit\u00e4t M\u00fcnchen, mit Beitr\u00e4\u00adgen von 14 renom\u00admierten Fachau\u00adtoren. Der&nbsp;Band&nbsp;\u2026&nbsp;<\/p>\n<p class=\"link-more\"><a href=\"https:\/\/www.kloster-weltenburg.de\/en\/kloster-kirche\/literaturverzeichnis\/\" class=\"more-link\">Con\u00adtin\u00adue read\u00ading<span class=\"screen-reader-text\"> \u201cLit\u00ader\u00adaturverze\u00adich\u00adnis\u201d<\/span><\/a><\/p>\n","protected":false},"author":2,"featured_media":0,"parent":107,"menu_order":0,"comment_status":"closed","ping_status":"closed","template":"","meta":{"wp_typography_post_enhancements_disabled":false,"ngg_post_thumbnail":0,"footnotes":""},"class_list":["post-202","page","type-page","status-publish","hentry"],"_links":{"self":[{"href":"https:\/\/www.kloster-weltenburg.de\/en\/wp-json\/wp\/v2\/pages\/202","targetHints":{"allow":["GET"]}}],"collection":[{"href":"https:\/\/www.kloster-weltenburg.de\/en\/wp-json\/wp\/v2\/pages"}],"about":[{"href":"https:\/\/www.kloster-weltenburg.de\/en\/wp-json\/wp\/v2\/types\/page"}],"author":[{"embeddable":true,"href":"https:\/\/www.kloster-weltenburg.de\/en\/wp-json\/wp\/v2\/users\/2"}],"replies":[{"embeddable":true,"href":"https:\/\/www.kloster-weltenburg.de\/en\/wp-json\/wp\/v2\/comments?post=202"}],"version-history":[{"count":5,"href":"https:\/\/www.kloster-weltenburg.de\/en\/wp-json\/wp\/v2\/pages\/202\/revisions"}],"predecessor-version":[{"id":5937,"href":"https:\/\/www.kloster-weltenburg.de\/en\/wp-json\/wp\/v2\/pages\/202\/revisions\/5937"}],"up":[{"embeddable":true,"href":"https:\/\/www.kloster-weltenburg.de\/en\/wp-json\/wp\/v2\/pages\/107"}],"wp:attachment":[{"href":"https:\/\/www.kloster-weltenburg.de\/en\/wp-json\/wp\/v2\/media?parent=202"}],"curies":[{"name":"wp","href":"https:\/\/api.w.org\/{rel}","templated":true}]}}