{"id":74,"date":"2020-06-02T08:31:57","date_gmt":"2020-06-02T06:31:57","guid":{"rendered":"http:\/\/abtei.kloster-weltenburg.de\/?page_id=74"},"modified":"2025-03-25T16:38:22","modified_gmt":"2025-03-25T15:38:22","slug":"wie-wird-man-moench","status":"publish","type":"page","link":"https:\/\/www.kloster-weltenburg.de\/en\/wie-wird-man-moench\/","title":{"rendered":"M\u00f6nch werden in der Benediktinerabtei Weltenburg"},"content":{"rendered":"<p style=\"text-align: justify;\">Wer M\u00f6nch wer\u00adden m\u00f6chte, kann dies nicht von sich aus und alleine tun, son\u00addern er braucht eine Ein\u00adweisung in die Tra\u00addi\u00adtion des M\u00f6nch\u00adtums, in die Regel und das geistliche Leben unter der Leitung eines kundi\u00adgen geistlichen Vaters. Die Auf\u00adgabe der Unter\u00adweisung und Begleitung der Novizen auf dem Weg in das M\u00f6nch\u00adtum ist dem <span style=\"text-align: justify; font-size: 1rem;\">N<\/span><span style=\"text-align: justify; font-size: 1rem;\">ovizen\u00admeis\u00adter vom Abt als dem<\/span><span style=\"font-size: 1rem; text-align: justify;\">&nbsp;eigentlichen geistlichen Vater der Gemein\u00adschaft anver\u00adtraut. In den ersten sechs Monat\u00aden lebt der Kan\u00addi\u00addat in der Gemein\u00adschaft mit, um diese und ihre Haus\u00adbr\u00e4uche n\u00e4her kennenzulernen.&nbsp;<\/span><\/p>\n<p style=\"text-align: justify;\"><span style=\"font-size: 1rem; text-align: justify;\"><img loading=\"lazy\" decoding=\"async\" class=\"size-medium wp-image-6737 alignleft\" src=\"https:\/\/www.kloster-weltenburg.de\/wp-content\/uploads\/2024\/08\/EinkleidungFrPiusKapuze-200x300.jpg\" alt width=\"200\" height=\"300\" srcset=\"https:\/\/www.kloster-weltenburg.de\/wp-content\/uploads\/2024\/08\/EinkleidungFrPiusKapuze-200x300.jpg 200w, https:\/\/www.kloster-weltenburg.de\/wp-content\/uploads\/2024\/08\/EinkleidungFrPiusKapuze-682x1024.jpg 682w, https:\/\/www.kloster-weltenburg.de\/wp-content\/uploads\/2024\/08\/EinkleidungFrPiusKapuze-768x1152.jpg 768w, https:\/\/www.kloster-weltenburg.de\/wp-content\/uploads\/2024\/08\/EinkleidungFrPiusKapuze-1024x1536.jpg 1024w, https:\/\/www.kloster-weltenburg.de\/wp-content\/uploads\/2024\/08\/EinkleidungFrPiusKapuze.jpg 1333w\" sizes=\"auto, (max-width: 200px) 100vw, 200px\">Danach begin\u00adnt mit der <a href=\"https:\/\/www.kloster-weltenburg.de\/2024\/08\/17\/einkleidung-frater-pius-maria\/\" target=\"_blank\" rel=\"noopener\">Ein\u00adklei<\/a><\/span>dung das ein\u00adj\u00e4hrige Noviziat. Der Novize empf\u00e4ngt das M\u00f6nchs\u00adge\u00adwand, den Habit, und erh\u00e4lt einen Patron auf seinem Weg, dessen Namen er von da an tr\u00e4gt. <i>Habit<\/i> aber meint let\u00adztlich mehr als nur ein Klei\u00addungsst\u00fcck. Es kommt vom lateinis\u00adchen <i>habi\u00adtus <\/i>und dr\u00fcckt das innere Wesen aus, das, was da<span style=\"text-align: justify; font-size: 1rem;\">s M\u00f6nch\u00adtum aus\u00admacht und wie man als M\u00f6nch lebt. Vor allem die Zeit des Noviziats dient dazu, um in diesen <\/span><i style=\"text-align: justify; font-size: 1rem;\">Habit<\/i><span style=\"text-align: justify; font-size: 1rem;\"> hineinzuwachsen.<\/span><\/p>\n<p style=\"text-align: justify;\">Im 58. Kapi\u00adtel sein\u00ader Regel ermah\u00adnt der&nbsp;<span style=\"text-align: justify; font-size: 1rem;\">hl. Benedikt,<\/span><span style=\"text-align: justify; font-size: 1rem;\"> genau darauf zu acht\u00aden, ob der Novize wirk\u00adlich Gott&nbsp;sucht.<\/span><img loading=\"lazy\" decoding=\"async\" class=\"alignright wp-image-607 size-medium\" style=\"text-align: justify;\" src=\"https:\/\/www.kloster-weltenburg.de\/wp-content\/uploads\/2020\/06\/benedikt-240x300.jpg\" alt width=\"240\" height=\"300\" srcset=\"https:\/\/www.kloster-weltenburg.de\/wp-content\/uploads\/2020\/06\/benedikt-240x300.jpg 240w, https:\/\/www.kloster-weltenburg.de\/wp-content\/uploads\/2020\/06\/benedikt-350x437.jpg 350w, https:\/\/www.kloster-weltenburg.de\/wp-content\/uploads\/2020\/06\/benedikt.jpg 768w\" sizes=\"auto, (max-width: 240px) 100vw, 240px\"><\/p>\n<p><span style=\"text-align: justify; font-size: 1rem;\">So s<\/span><span style=\"text-align: justify; font-size: 1rem;\">ind beson\u00adders die ersten einein\u00adhalb Jahre eine Zeit, in der sich der Novize sel\u00adber pr\u00fcfen soll und sich pr\u00fcfen l\u00e4sst.<\/span><\/p>\n<p style=\"text-align: justify;\">M\u00f6chte der Novize diesen Weg der Gottsuche und Chris\u00adtus\u00adnach\u00adfolge in der Gemein\u00adschaft dann weit\u00aderge\u00adhen und wird er von ihr angenom\u00admen, ver\u00adspricht er zun\u00e4chst f\u00fcr drei Jahre Best\u00e4ndigkeit, kl\u00f6ster\u00adlichen Lebenswan\u00addel und Gehor\u00adsam. Mit der feier\u00adlichen Pro\u00adfess kommt der Weg ins M\u00f6nch\u00adtum an sein \u00e4u\u00dferes Ziel. Der M\u00f6nch wei\u00adht sein Leben ganz Gott, stellt es in den Dienst Christi und bindet sich f\u00fcr immer an die benedik\u00adtinis\u00adche Lebens\u00adform und kl\u00f6ster\u00adliche Gemein\u00adschaft. Der innere Prozess der geistlichen Rei\u00adfung ist damit aber noch nicht abgeschlossen. Er wird ein Leben lang dauern, ein Leben, in dem es Beruf\/Berufung des M\u00f6nchs ist, Gott zu suchen und Chris\u00adtus nachzufolgen.<\/p>\n<p style=\"text-align: justify;\">\u00c4u\u00dfere Voraus\u00adset\u00adzun\u00adgen f\u00fcr einen Klostereintritt:<\/p>\n<ul style=\"text-align: justify;\">\n<li>r\u00f6misch-katholisch<\/li>\n<li>m\u00e4nnlich<\/li>\n<li>ledig<\/li>\n<li>min\u00addestens 18 Jahre&nbsp;alt<\/li>\n<li>abgeschlossene Beruf\u00adsaus\u00adbil\u00addung oder Abitur<\/li>\n<\/ul>\n<p style=\"text-align: justify;\">M\u00e4n\u00adner, die am benedik\u00adtinis\u00adchen Kloster\u00adleben inter\u00adessiert sind, nehmen bitte Kon\u00adtakt auf&nbsp;mit:<\/p>\n<p>Benedik\u00adtin\u00ader\u00ada\u00adbtei Weltenburg<br>\nPater Lukas M. Steine\u00adbrun\u00adner&nbsp;OSB<br>\nAsam\u00adstra\u00dfe 32<br>\n93309 Kelheim<\/p>\n<p style=\"text-align: justify;\">Tele\u00adfon: 09441 204\u20130<\/p>\n<p style=\"text-align: justify;\"><a href=\"mailto:noviziat@kloster-weltenburg.de\">noviziat@kloster-weltenburg.de<\/a><\/p>\n<p><iframe loading=\"lazy\" src=\"https:\/\/www.youtube-nocookie.com\/embed\/hg5ZCCMiZNs\" width=\"560\" height=\"315\" frameborder=\"0\" allowfullscreen=\"allowfullscreen\"><\/iframe><\/p>\n<p>Lesetipps:<\/p>\n<table class=\"wp-block-table aligncenter\">\n<tbody>\n<tr>\n<td><img loading=\"lazy\" decoding=\"async\" class=\"size-full wp-image-650 aligncenter\" src=\"https:\/\/www.kloster-weltenburg.de\/wp-content\/uploads\/2020\/06\/Benedikt_begegnen_Puzicha.jpg\" alt width=\"176\" height=\"300\"><\/td>\n<td>&nbsp;<\/td>\n<td>&nbsp;<\/td>\n<td>&nbsp;<\/td>\n<td><img loading=\"lazy\" decoding=\"async\" class=\"aligncenter size-medium wp-image-5624\" src=\"https:\/\/www.kloster-weltenburg.de\/wp-content\/uploads\/2021\/11\/Casey_Fremd-in-der-Stadt-211x300.jpg\" alt width=\"211\" height=\"300\" srcset=\"https:\/\/www.kloster-weltenburg.de\/wp-content\/uploads\/2021\/11\/Casey_Fremd-in-der-Stadt-211x300.jpg 211w, https:\/\/www.kloster-weltenburg.de\/wp-content\/uploads\/2021\/11\/Casey_Fremd-in-der-Stadt.jpg 351w\" sizes=\"auto, (max-width: 211px) 100vw, 211px\"><\/td>\n<\/tr>\n<tr>\n<td>Michaela Puzicha<\/td>\n<td>&nbsp;<\/td>\n<td>&nbsp;<\/td>\n<td>&nbsp;<\/td>\n<td>Michael Casey<\/td>\n<\/tr>\n<tr>\n<td><strong>Benedikt von Nur\u00adsia begegen<\/strong><\/td>\n<td><strong>&nbsp;<\/strong><\/td>\n<td>&nbsp;<\/td>\n<td>&nbsp;<\/td>\n<td><strong>Fremd in der&nbsp;Stadt<br>\n<\/strong><\/td>\n<\/tr>\n<tr>\n<td>&nbsp;<\/td>\n<td>&nbsp;<\/td>\n<td>&nbsp;<\/td>\n<td>&nbsp;<\/td>\n<td>Glauben und&nbsp;Werte&nbsp;<br>\nin der Regel des heiligen&nbsp;<br>\nBenedikt<\/td>\n<\/tr>\n<tr>\n<td>Pauli\u00adnus-Ver\u00adlag<\/td>\n<td>&nbsp;<\/td>\n<td>&nbsp;<\/td>\n<td>&nbsp;<\/td>\n<td>EOS 978\u20133\u20118306\u20137285\u20112<\/td>\n<\/tr>\n<tr>\n<td>ISBN 978\u20133\u20117902\u20135813\u20114<\/td>\n<td>&nbsp;<\/td>\n<td>&nbsp;<\/td>\n<td>&nbsp;<\/td>\n<td>ISBN 978<\/td>\n<\/tr>\n<tr>\n<td>EUR 12,90<\/td>\n<td>&nbsp;<\/td>\n<td>&nbsp;<\/td>\n<td>&nbsp;<\/td>\n<td>&nbsp;<\/td>\n<\/tr>\n<\/tbody>\n<\/table>\n","protected":false},"excerpt":{"rendered":"<p>Wer M\u00f6nch wer\u00adden m\u00f6chte, kann dies nicht von sich aus und alleine tun, son\u00addern er braucht eine Ein\u00adweisung in die Tra\u00addi\u00adtion des M\u00f6nch\u00adtums, in die Regel und das geistliche Leben unter der Leitung eines kundi\u00adgen geistlichen Vaters. Die Auf\u00adgabe der Unter\u00adweisung und Begleitung der Novizen auf dem Weg in das M\u00f6nch\u00adtum ist dem Novizen\u00admeis\u00adter&nbsp;vom&nbsp;\u2026&nbsp;<\/p>\n<p class=\"link-more\"><a href=\"https:\/\/www.kloster-weltenburg.de\/en\/wie-wird-man-moench\/\" class=\"more-link\">Con\u00adtin\u00adue read\u00ading<span class=\"screen-reader-text\"> \u201cM\u00f6nch wer\u00adden in der Benedik\u00adtin\u00ader\u00ada\u00adbtei Weltenburg\u201d<\/span><\/a><\/p>\n","protected":false},"author":2,"featured_media":5539,"parent":0,"menu_order":0,"comment_status":"closed","ping_status":"closed","template":"","meta":{"wp_typography_post_enhancements_disabled":false,"ngg_post_thumbnail":0,"footnotes":""},"class_list":["post-74","page","type-page","status-publish","has-post-thumbnail","hentry"],"_links":{"self":[{"href":"https:\/\/www.kloster-weltenburg.de\/en\/wp-json\/wp\/v2\/pages\/74","targetHints":{"allow":["GET"]}}],"collection":[{"href":"https:\/\/www.kloster-weltenburg.de\/en\/wp-json\/wp\/v2\/pages"}],"about":[{"href":"https:\/\/www.kloster-weltenburg.de\/en\/wp-json\/wp\/v2\/types\/page"}],"author":[{"embeddable":true,"href":"https:\/\/www.kloster-weltenburg.de\/en\/wp-json\/wp\/v2\/users\/2"}],"replies":[{"embeddable":true,"href":"https:\/\/www.kloster-weltenburg.de\/en\/wp-json\/wp\/v2\/comments?post=74"}],"version-history":[{"count":16,"href":"https:\/\/www.kloster-weltenburg.de\/en\/wp-json\/wp\/v2\/pages\/74\/revisions"}],"predecessor-version":[{"id":6803,"href":"https:\/\/www.kloster-weltenburg.de\/en\/wp-json\/wp\/v2\/pages\/74\/revisions\/6803"}],"wp:featuredmedia":[{"embeddable":true,"href":"https:\/\/www.kloster-weltenburg.de\/en\/wp-json\/wp\/v2\/media\/5539"}],"wp:attachment":[{"href":"https:\/\/www.kloster-weltenburg.de\/en\/wp-json\/wp\/v2\/media?parent=74"}],"curies":[{"name":"wp","href":"https:\/\/api.w.org\/{rel}","templated":true}]}}