{"id":6877,"date":"2025-06-26T16:55:50","date_gmt":"2025-06-26T14:55:50","guid":{"rendered":"https:\/\/www.kloster-weltenburg.de\/?page_id=6877"},"modified":"2025-06-26T17:04:23","modified_gmt":"2025-06-26T15:04:23","slug":"barrierefreiheitserklaerung","status":"publish","type":"page","link":"https:\/\/www.kloster-weltenburg.de\/eo\/barrierefreiheitserklaerung\/","title":{"rendered":"Barrierefreiheitserkl\u00e4rung"},"content":{"rendered":"<h1>Erkl\u00e4rung zur Barrierefreiheit f\u00fcr Dienstleistungen<\/h1>\n<p>Im Rahmen unse\u00adrer Barri\u00ade\u00adre\u00adfre\u00adi\u00adhe\u00adit\u00adser\u00adkl\u00e4rung m\u00f6c\u00adhten wir Ihnen einen \u00dcber\u00adblick \u00fcber den Stand der Vere\u00adin\u00adbar\u00adke\u00adit der unten besc\u00adhri\u00adebe\u00adnen Dienstleistung(en) mit den Anfor\u00adde\u00adrun\u00adgen der Barri\u00ade\u00adre\u00adfre\u00adi\u00adhe\u00adit nach gesetz\u00adlic\u00adhen Vor\u00adsc\u00adhri\u00adf\u00adten (ins\u00adbe\u00adson\u00adde\u00adre mit dem Barri\u00ade\u00adre\u00adfre\u00adi\u00adhe\u00adits\u00ads\u00adt\u00e4r\u00adkung\u00ads\u00adge\u00adsetz \u2013 BFSG)&nbsp;geben.<\/p>\n<h2>Angaben zum Dienstleistungserbringer<\/h2>\n<p>Bene\u00addik\u00adti\u00adne\u00adrab\u00adte Wel\u00adten\u00adburg&nbsp;Kd\u00f6R<br>\nAsam\u00ads\u00adtra\u00ad\u00dfe&nbsp;32<br>\n93309 Kelheim<br>\nBayern<\/p>\n<h2>Allgemeine Beschreibung der Dienstleistung<\/h2>\n<p>Infor\u00adma\u00adti\u00adon und Ver\u00admit\u00adtlung von Ange\u00adbo\u00adten rund um das Klo\u00ads\u00adter Wel\u00adten\u00adburg auf www.kloster-weltenburg.de.<\/p>\n<h2>Erl\u00e4uterungen zur Durchf\u00fchrung der Dienstleistung<\/h2>\n<p>Die Web\u00ads\u00adite infor\u00admi\u00adert \u00fcber Gesc\u00adhic\u00adhte, Spi\u00adri\u00adtu\u00ada\u00adli\u00adt\u00e4t, Veran\u00adstal\u00adtun\u00adgen, tou\u00adri\u00ads\u00adti\u00adsc\u00adhe Ange\u00adb\u00adote und Ein\u00adric\u00adhtun\u00adgen des Klo\u00ads\u00adters und dient als zen\u00adtra\u00adle Anla\u00aduf\u00ads\u00adtel\u00adle f\u00fcr Besuc\u00adher. Die Dien\u00adstle\u00adi\u00ads\u00adtung wird vor Ort in Wel\u00adten\u00adburg bei Kel\u00adhe\u00adim sowie onli\u00adne (Buc\u00adhung\u00adsan\u00adfra\u00adgen f\u00fcr Kirc\u00adhen\u00adf\u00fchrun\u00adgen und Besuc\u00adher\u00adzen\u00adtrum) angeboten.<\/p>\n<h2>Stand der Vereinbarkeit mit den Anforderungen<\/h2>\n<p>Die oben genann\u00adte Dien\u00adstle\u00adi\u00ads\u00adtung ist nic\u00adht mit dem Barri\u00ade\u00adre\u00adfre\u00adi\u00adhe\u00adits\u00ads\u00adt\u00e4r\u00adkung\u00ads\u00adge\u00adsetz (BFSG) vereinbar.<\/p>\n<p>Fol\u00adg\u00adende Teile\/Inhalte\/Funktionen der Dien\u00adstle\u00adi\u00ads\u00adtung sind nic\u00adht barrierefrei:<\/p>\n<p>Die Web\u00ads\u00adite www.kloster-weltenburg.de wur\u00adde bislang nic\u00adht im Hin\u00adblick auf die Anfor\u00adde\u00adrun\u00adgen der Barri\u00ade\u00adre\u00adfre\u00adi\u00adhe\u00adit gem\u00e4\u00df der gel\u00adten\u00adden gesetz\u00adlic\u00adhen Vor\u00adga\u00adben gepr\u00fcft. Daher k\u00f6n\u00adnen wir der\u00adze\u00adit kei\u00adne ver\u00adbind\u00adlic\u00adhen Anga\u00adben zur vollst\u00e4n\u00addi\u00adgen Barri\u00ade\u00adre\u00adfre\u00adi\u00adhe\u00adit der Inhal\u00adte und Funk\u00adti\u00ado\u00adnen machen.<br>\nSobald eine ent\u00ads\u00adprec\u00adhende \u00dcber\u00adpr\u00fcfung erfolgt ist, wer\u00adden wir an die\u00adser Stel\u00adle \u00fcber etwa\u00adige bes\u00adte\u00adh\u00adende Unve\u00adre\u00adin\u00adbar\u00adke\u00adi\u00adten infor\u00admi\u00ade\u00adren und geg\u00adebe\u00adnen\u00adfalls Ma\u00dfna\u00adhmen zur Ver\u00adbes\u00adse\u00adrung einleiten.<\/p>\n<h3>Barrierefreie Alternativen<\/h3>\n<p>Wenn Sie barri\u00ade\u00adre\u00adfre\u00adie Alter\u00adna\u00adti\u00adven f\u00fcr Ihre nic\u00adht barri\u00ade\u00adre\u00adfre\u00adi\u00aden Inhal\u00adte anbi\u00ade\u00adten, k\u00f6n\u00adnen Sie sie hier angeben:<br>\nTele\u00adfo\u00adni\u00adsc\u00adhe Aus\u00adkun\u00adft unter 09441 204\u20130 oder per E\u2011Mail unter abtei@kloster-weltenburg.de<\/p>\n<h3>Nicht barrierefreie Teile der Dienstleistung \u2014 Umsetzungsfristen<\/h3>\n<p>Da bislang kei\u00adne vollst\u00e4n\u00add\u00adige Pr\u00fcfung der Web\u00ads\u00adite auf Barri\u00ade\u00adre\u00adfre\u00adi\u00adhe\u00adit erfolgt ist, k\u00f6n\u00adnen aktu\u00adell kei\u00adne kon\u00adkre\u00adten Anga\u00adben dazu gemac\u00adht wer\u00adden, welc\u00adhe Teile oder Funk\u00adti\u00ado\u00adnen der Dien\u00adstle\u00adi\u00ads\u00adtung nic\u00adht barri\u00ade\u00adre\u00adfrei&nbsp;sind.<br>\nEben\u00adso k\u00f6n\u00adnen zum jet\u00adzi\u00adgen Zeit\u00adpunkt kei\u00adne ver\u00adbind\u00adlic\u00adhen Umset\u00adzung\u00ads\u00adfri\u00ads\u00adten f\u00fcr die Bese\u00adi\u00adti\u00adgung m\u00f6glic\u00adher Barri\u00ade\u00adren genannt werden.<br>\nSobald eine Bewer\u00adtung vor\u00adli\u00adegt, wer\u00adden wir die\u00adse Anga\u00adben ent\u00ads\u00adprec\u00adhend erg\u00e4n\u00adzen und ggf. Ma\u00dfna\u00adhmen zur Ver\u00adbes\u00adse\u00adrung der Barri\u00ade\u00adre\u00adfre\u00adi\u00adhe\u00adit einleiten.<\/p>\n<h2>Erstellung der Barrierefreiheitserkl\u00e4rung<\/h2>\n<p>Datum der Ers\u00adtel\u00adlung der Barri\u00ade\u00adre\u00adfre\u00adi\u00adhe\u00adit\u00adser\u00adkl\u00e4rung: 26.06.2025<br>\nDatum der letz\u00adten \u00dcber\u00adpr\u00fcfung der o. g. Lei\u00ads\u00adtun\u00adgen hin\u00adsic\u00adhtlich der Anfor\u00adde\u00adrun\u00adgen zur Barri\u00ade\u00adre\u00adfre\u00adi\u00adhe\u00adit: 26.06.2025<\/p>\n<h2>Einsch\u00e4tzung zum Stand der Barrierefreiheit<\/h2>\n<p>Die Ein\u00adsc\u00adh\u00e4t\u00adzung zum Stand der Barri\u00ade\u00adre\u00adfre\u00adi\u00adhe\u00adit beru\u00adht auf unse\u00adrer Selbsteinsch\u00e4tzung.<\/p>\n<h2>Feedbackm\u00f6glichkeit und Kontaktangaben<\/h2>\n<p>Adres\u00adse:<br>\nBene\u00addik\u00adti\u00adne\u00adrab\u00adtei Wel\u00adten\u00adburg&nbsp;Kd\u00f6R<br>\nAsam\u00ads\u00adtra\u00ad\u00dfe&nbsp;32<br>\n93309 Kelheim<\/p>\n<p>E\u2011Mail: abtei@kloster-weltenburg.de<\/p>\n<p>Tele\u00adfon: +49(0)9441 204\u20130<\/p>\n<p>Link zur Web\u00ads\u00adite: <a href=\"http:\/\/www.kloster-weltenburg.de\">http:\/\/www.kloster-weltenburg.de<\/a><\/p>\n","protected":false},"excerpt":{"rendered":"<p>Erkl\u00e4rung zur Barri\u00ade\u00adre\u00adfre\u00adi\u00adhe\u00adit f\u00fcr Dien\u00adstle\u00adi\u00ads\u00adtun\u00adgen Im Rahmen unse\u00adrer Barri\u00ade\u00adre\u00adfre\u00adi\u00adhe\u00adit\u00adser\u00adkl\u00e4rung m\u00f6c\u00adhten wir Ihnen einen \u00dcber\u00adblick \u00fcber den Stand der Vere\u00adin\u00adbar\u00adke\u00adit der unten besc\u00adhri\u00adebe\u00adnen Dienstleistung(en) mit den Anfor\u00adde\u00adrun\u00adgen der Barri\u00ade\u00adre\u00adfre\u00adi\u00adhe\u00adit nach gesetz\u00adlic\u00adhen Vor\u00adsc\u00adhri\u00adf\u00adten (ins\u00adbe\u00adson\u00adde\u00adre mit dem Barri\u00ade\u00adre\u00adfre\u00adi\u00adhe\u00adits\u00ads\u00adt\u00e4r\u00adkung\u00ads\u00adge\u00adsetz \u2013 BFSG)&nbsp;geben. Anga\u00adben zum Dien\u00adstle\u00adi\u00ads\u00adtung\u00adser\u00adbrin\u00adger Bene\u00addik\u00adti\u00adne\u00adrab\u00adte Wel\u00adten\u00adburg&nbsp;Kd\u00f6R Asam\u00ads\u00adtra\u00ad\u00dfe&nbsp;32 93309 Kel\u00adhe\u00adim Bayern Allge\u00adme\u00adi\u00adne Besc\u00adhre\u00adi\u00adbung der Dien\u00adstle\u00adi\u00ads\u00adtung Infor\u00adma\u00adti\u00adon und Ver\u00admit\u00adtlung von Angeboten&nbsp;\u2026&nbsp;<\/p>\n<p class=\"link-more\"><a href=\"https:\/\/www.kloster-weltenburg.de\/eo\/barrierefreiheitserklaerung\/\" class=\"more-link\">Con\u00adti\u00adnue rea\u00adding<span class=\"screen-reader-text\"> \u201cBarri\u00ade\u00adre\u00adfre\u00adi\u00adhe\u00adit\u00adser\u00adkl\u00e4rung\u201d<\/span><\/a><\/p>\n","protected":false},"author":2,"featured_media":0,"parent":0,"menu_order":0,"comment_status":"closed","ping_status":"closed","template":"","meta":{"wp_typography_post_enhancements_disabled":false,"ngg_post_thumbnail":0,"footnotes":""},"class_list":["post-6877","page","type-page","status-publish","hentry"],"_links":{"self":[{"href":"https:\/\/www.kloster-weltenburg.de\/eo\/wp-json\/wp\/v2\/pages\/6877","targetHints":{"allow":["GET"]}}],"collection":[{"href":"https:\/\/www.kloster-weltenburg.de\/eo\/wp-json\/wp\/v2\/pages"}],"about":[{"href":"https:\/\/www.kloster-weltenburg.de\/eo\/wp-json\/wp\/v2\/types\/page"}],"author":[{"embeddable":true,"href":"https:\/\/www.kloster-weltenburg.de\/eo\/wp-json\/wp\/v2\/users\/2"}],"replies":[{"embeddable":true,"href":"https:\/\/www.kloster-weltenburg.de\/eo\/wp-json\/wp\/v2\/comments?post=6877"}],"version-history":[{"count":2,"href":"https:\/\/www.kloster-weltenburg.de\/eo\/wp-json\/wp\/v2\/pages\/6877\/revisions"}],"predecessor-version":[{"id":6880,"href":"https:\/\/www.kloster-weltenburg.de\/eo\/wp-json\/wp\/v2\/pages\/6877\/revisions\/6880"}],"wp:attachment":[{"href":"https:\/\/www.kloster-weltenburg.de\/eo\/wp-json\/wp\/v2\/media?parent=6877"}],"curies":[{"name":"wp","href":"https:\/\/api.w.org\/{rel}","templated":true}]}}