{"id":78,"date":"2020-06-02T08:45:15","date_gmt":"2020-06-02T06:45:15","guid":{"rendered":"http:\/\/abtei.kloster-weltenburg.de\/?page_id=78"},"modified":"2026-03-24T09:26:29","modified_gmt":"2026-03-24T08:26:29","slug":"klosterladen","status":"publish","type":"page","link":"https:\/\/www.kloster-weltenburg.de\/eo\/klosterladen\/","title":{"rendered":"Klosterladen"},"content":{"rendered":"<div class=\"inhalt\">\n<div class=\"inhaltmain\">\n<div class=\"inhaltmain_ganz\">\n<h2 style=\"text-align: justify;\"><strong>Herzlich Willkommen im Klosterladen der Benediktinerabtei St. Georg Weltenburg!<\/strong><\/h2>\n<p style=\"text-align: justify;\">In unse\u00adrem Klo\u00ads\u00adter\u00adla\u00adden direkt neben der Abte\u00adi\u00adkirc\u00adhe bie\u00adten wir Ihnen eine Auswa\u00adhl ver\u00adsc\u00adhi\u00ade\u00adde\u00adner Artikel:<\/p>\n<ul style=\"text-align: justify;\">\n<li>Bibe\u00adla\u00adu\u00ads\u00adga\u00adben<\/li>\n<li>gei\u00ads\u00adtlich-theo\u00adlo\u00adgi\u00adsc\u00adhe Literatur<\/li>\n<li>Bild\u00adb\u00e4n\u00adde<\/li>\n<li>Kin\u00adder- und Jugendb\u00fccher<\/li>\n<li>Gesc\u00adhenk\u00adb\u00fcc\u00adher<\/li>\n<li>Gesc\u00adhenk- und Gl\u00fcckwunschkarten<\/li>\n<li>Ansic\u00adht\u00ads\u00adkar\u00adten<\/li>\n<li>Rosen\u00adkr\u00e4n\u00adze<\/li>\n<li>Holz\u00adsc\u00adhnit\u00adze\u00adre\u00adi\u00aden, Iko\u00adnen, Bron\u00adze\u00adkunst und wei\u00adte\u00adre reli\u00adgi\u00ad\u00f6se Kunstartikel<\/li>\n<li>Ker\u00adzen f\u00fcr die ver\u00adsc\u00adhi\u00ade\u00adden\u00adsten Anl\u00e4s\u00adse: Tauf- und Hoc\u00adhze\u00adit\u00ads\u00adker\u00adzen, Schmuc\u00adkker\u00adzen in Han\u00addar\u00adbe\u00adit gefertigt<\/li>\n<li>reli\u00adgi\u00ad\u00f6ser Schmuck aus Sil\u00adber, Gold, Edel\u00adsta\u00adhl und ande\u00adren Materialien<\/li>\n<li>Wei\u00adhra\u00aduch<\/li>\n<li>Bie\u00adre der Klo\u00ads\u00adter\u00adbra\u00adu\u00ade\u00adrei Wel\u00adten\u00adburg mit den pas\u00adsen\u00adden Gl\u00e4sern, Kr\u00fcgen usw.<\/li>\n<li>Wel\u00adten\u00adbur\u00adger Klo\u00ads\u00adter\u00adli\u00adk\u00f6r und Klo\u00ads\u00adter\u00adbit\u00adter und ande\u00adre kl\u00f6s\u00adter\u00adlic\u00adhe Destillate<\/li>\n<li>Sou\u00adve\u00adnirs<\/li>\n<li>und vie\u00adles&nbsp;mehr<\/li>\n<\/ul>\n<p style=\"text-align: justify;\">Wir fre\u00adu\u00aden uns, Sie in unse\u00adrem Klo\u00ads\u00adter\u00adla\u00adden begr\u00fc\u00dfen zu d\u00fcrfen.<\/p>\n<p style=\"text-align: justify;\">P. Lukas M. Ste\u00adi\u00adne\u00adbrun\u00adner OSB und&nbsp;Team.<\/p>\n<\/div>\n<p>&nbsp;<\/p>\n<p style=\"text-align: justify;\"><strong><img loading=\"lazy\" decoding=\"async\" class=\"size-full wp-image-5106 alignleft\" src=\"https:\/\/www.kloster-weltenburg.de\/wp-content\/uploads\/2020\/08\/grosserKunstfuehrer.jpg\" alt width=\"213\" height=\"300\">Bene\u00addik\u00adti\u00adne\u00adrab\u00adtei Wel\u00adten\u00adburg Gesc\u00adhic\u00adhte und&nbsp;Kunst<\/strong><\/p>\n<div style=\"text-align: justify;\">Lot\u00adhar Alt\u00admann, Step\u00adha\u00adnie Haar\u00adl\u00e4n\u00adder, Tho\u00admas M. Fre\u00adi\u00adhart&nbsp;OSB<br>\nRegen\u00ads\u00adburg 2019. Kla\u00adppen\u00adbro\u00adsc\u00adhur, 17x24 cm. 96 Seiten<br>\nmit 67 farb. Illu\u00ads\u00adtra\u00adti\u00ado\u00adnen, 1 s\/2 Illu\u00ads\u00adtra\u00adti\u00adon, 1 Grun\u00addriss, 1 Aufriss<\/div>\n<div style=\"text-align: justify;\">&nbsp;<\/div>\n<p style=\"text-align: justify;\">Das alte\u00adhrw\u00fcr\u00add\u00adige Bene\u00addik\u00adti\u00adner\u00adklo\u00ads\u00adter Wel\u00adten\u00adburg am Beginn des wil\u00addro\u00adman\u00adti\u00adsc\u00adhen Durc\u00adhbruc\u00adhs der Donau durch den Fr\u00e4n\u00adki\u00adsc\u00adhen Jura ver\u00addankt sei\u00adnen heu\u00adti\u00adgen Ruf vor allem sei\u00adner Baroc\u00adkkirc\u00adhe von euro\u00adp\u00e4i\u00adsc\u00adhem Rang. Der Mal\u00ader und Arc\u00adhi\u00adtekt Cos\u00admas Dami\u00adan Asam (1688\u20131739), der den Bau ges\u00adtal\u00adt\u00adete, und sein Bru\u00adder Egid Qui\u00adrin (1692\u20131750), der hier als Bild\u00adha\u00adu\u00ader und Stuc\u00adka\u00adtor wirk\u00adte, stat\u00adte\u00adten die Kirc\u00adhe zu einem baroc\u00adken Gesamt\u00adkun\u00adstwerk aus.<\/p>\n<p style=\"text-align: justify;\">Die Mit\u00adte\u00adlal\u00adter\u00adhi\u00ads\u00adto\u00adri\u00adke\u00adrin Dr. Step\u00adha\u00adnie Haar\u00adl\u00e4n\u00adder bringt Lic\u00adht in die sage\u00adnu\u00admw\u00adobe\u00adne Fr\u00fchge\u00adsc\u00adhic\u00adhte des Klo\u00ads\u00adters und ski\u00adzzi\u00adert des\u00adsen His\u00adto\u00adrie bis zur Gege\u00adnwart. Der Kun\u00adst\u00adhi\u00ads\u00adto\u00adri\u00adker Dr. Lot\u00adhar Alt\u00admann refe\u00adri\u00adert die Bau- und Aus\u00ads\u00adtat\u00adtung\u00ads\u00adge\u00adsc\u00adhic\u00adhte von Klo\u00ads\u00adter und Kirc\u00adhe, besc\u00adhre\u00adibt die Lage und Anla\u00adge des Klo\u00ads\u00adters und erl\u00e4u\u00adtert die Arc\u00adhi\u00adtek\u00adtur sowie Aus\u00ads\u00adtat\u00adtung der Asam-Kirc\u00adhe. Ein Exkurs ist auch der Wallfa\u00adhrt\u00ads\u00adkirc\u00adhe U. L. Frau auf dem Fra\u00adu\u00aden\u00adberg gewid\u00admet. Das bene\u00addik\u00adti\u00adni\u00adsc\u00adhe Leben in Wel\u00adten\u00adburg heu\u00adte stellt Abt Tho\u00admas M. Fre\u00adi\u00adhart OSB vor. Kurz\u00adbio\u00adgra\u00adfi\u00aden der in Wel\u00adten\u00adburg t\u00e4ti\u00adgen K\u00fcn\u00adstler und Han\u00addwer\u00adker sowie umfan\u00adgre\u00adic\u00adhe Lite\u00adra\u00adtur\u00adhi\u00adnwe\u00adi\u00adse run\u00adden den reich bebil\u00adder\u00adten Band ab. Die Fotos fer\u00adtig\u00adte der bekann\u00adte M\u00fcnc\u00adhner Foto\u00adgraf Achim Bunz neu&nbsp;an.<\/p>\n<p>ISBN 978\u20133\u20117954\u201343460\u20111<br>\nISBN 978\u20133\u20117954\u201343441\u20110 englische<\/p>\n<p><strong>EUR 9,95<\/strong><\/p>\n<div class=\"wp-block-spacer\" style=\"text-align: justify;\" aria-hidden=\"true\">&nbsp;<\/div>\n<p style=\"text-align: justify;\"><b><img loading=\"lazy\" decoding=\"async\" class=\"size-medium wp-image-5062 alignright\" src=\"https:\/\/www.kloster-weltenburg.de\/wp-content\/uploads\/2020\/08\/ChronikKlosterWeltenburg-300x279.jpg\" alt width=\"300\" height=\"279\" srcset=\"https:\/\/www.kloster-weltenburg.de\/wp-content\/uploads\/2020\/08\/ChronikKlosterWeltenburg-300x279.jpg 300w, https:\/\/www.kloster-weltenburg.de\/wp-content\/uploads\/2020\/08\/ChronikKlosterWeltenburg-350x326.jpg 350w, https:\/\/www.kloster-weltenburg.de\/wp-content\/uploads\/2020\/08\/ChronikKlosterWeltenburg.jpg 640w\" sizes=\"auto, (max-width: 300px) 100vw, 300px\">Klo\u00ads\u00adter W<\/b><b>elten\u00adburg&nbsp;&nbsp;&nbsp;&nbsp;&nbsp;&nbsp;&nbsp;&nbsp;&nbsp;&nbsp;&nbsp;&nbsp;&nbsp;&nbsp;&nbsp;&nbsp;&nbsp;&nbsp;&nbsp;&nbsp;&nbsp;&nbsp;&nbsp;&nbsp; <br>\n<\/b>Gesc\u00adhic\u00adhte und Gegenwart<\/p>\n<p class=\"mini\" style=\"text-align: justify;\">Hrsg. Georg Schwaiger<br>\nWei\u00ad\u00dfen\u00adhorn 2014. Lei\u00adnen mit Schut\u00adzum\u00adsc\u00adhlag. 21,5x22,5 cm. 528 Seiten<br>\nmit 248 gro\u00ad\u00dfte\u00adils far\u00adbi\u00adgen Tafelabbildungen.<\/p>\n<p>&nbsp;<\/p>\n<p class=\"mini\" style=\"text-align: justify;\">ISBN 978\u20133\u201187437\u2013472\u20119<\/p>\n<p class=\"mini\" style=\"text-align: justify;\"><strong>EUR 29,90<\/strong><\/p>\n<div class=\"wp-block-spacer\" style=\"text-align: justify;\" aria-hidden=\"true\">&nbsp;<\/div>\n<p style=\"text-align: justify;\"><strong>Kaf\u00adfee und Espresso<br>\n<\/strong><\/p>\n<p style=\"text-align: justify;\">In den Gast\u00ads\u00adt\u00e4t\u00adten der Wel\u00adten\u00adbru\u00adger Klo\u00ads\u00adter\u00adbe\u00adtri\u00ade\u00adbe GmbH ser\u00advi\u00ade\u00adren wir Kaf\u00adfe\u00ade\u00ads\u00adpe\u00adzi\u00ada\u00adli\u00adt\u00e4ten aus dem Hau\u00adse Dinz\u00adler. Damit Sie etwas von die\u00adsem Kaf\u00adfe\u00ade\u00adge\u00adnuss der Spit\u00adze\u00adnqu\u00ada\u00adli\u00adt\u00e4t mit nach Hau\u00adse nehmen oder auch Ihren Fre\u00adun\u00adden und Bekann\u00adten mit\u00adbrin\u00adgen k\u00f6n\u00adnen, bie\u00adten wir Ihnen sowo\u00adhl die Espres\u00adso- wie auch die Kaf\u00adfe\u00ade\u00admi\u00adsc\u00adhung in unse\u00adrem Klo\u00ads\u00adter\u00adla\u00adden&nbsp;an.<\/p>\n<div class=\"wp-block-spacer\" style=\"text-align: justify;\" aria-hidden=\"true\">&nbsp;<\/div>\n<p style=\"text-align: justify;\"><strong><img loading=\"lazy\" decoding=\"async\" class=\"size-full wp-image-5028 alignleft\" src=\"https:\/\/www.kloster-weltenburg.de\/wp-content\/uploads\/2020\/06\/Espresso-300x286-1.jpg\" alt width=\"300\" height=\"286\">Espres\u00adso<\/strong><\/p>\n<p style=\"text-align: justify;\"><em>Erh\u00e4l\u00adtlich als gan\u00adze Bohne oder auch gemahlen.<\/em><\/p>\n<p style=\"text-align: justify;\"><strong>250 g l EUR 8,90<\/strong><\/p>\n<p style=\"text-align: justify;\">F\u00fcr den von uns ser\u00advi\u00ader\u00adten Espres\u00adso wur\u00adden Ara\u00adbi\u00adca-Bohnen aus S\u00fcd- und Zen\u00adtra\u00adla\u00adme\u00adri\u00adka mit afri\u00adka\u00adni\u00adsc\u00adhen Spit\u00adzen\u00adkaf\u00adfe\u00ades kom\u00adbi\u00adni\u00adert. Stark im Aro\u00adma und kr\u00e4f\u00adtig im Gesc\u00adhmack k\u00fcr\u00adte das Maga\u00adzin <i>Der Fein\u00adsc\u00adhmec\u00adker<\/i> die\u00adse au\u00dfer\u00adge\u00adw\u00f6hn\u00adlic\u00adhe Misc\u00adhung zum bes\u00adten Espres\u00adso Deutschlands.<\/p>\n<p style=\"text-align: justify;\"><strong>Kaf\u00adfee<\/strong><\/p>\n<p style=\"text-align: justify;\"><img loading=\"lazy\" decoding=\"async\" class=\"size-medium wp-image-5035 alignright\" src=\"https:\/\/www.kloster-weltenburg.de\/wp-content\/uploads\/2020\/06\/Kaffee1-207x300.jpg\" alt width=\"207\" height=\"300\" srcset=\"https:\/\/www.kloster-weltenburg.de\/wp-content\/uploads\/2020\/06\/Kaffee1-207x300.jpg 207w, https:\/\/www.kloster-weltenburg.de\/wp-content\/uploads\/2020\/06\/Kaffee1-350x506.jpg 350w, https:\/\/www.kloster-weltenburg.de\/wp-content\/uploads\/2020\/06\/Kaffee1.jpg 553w\" sizes=\"auto, (max-width: 207px) 100vw, 207px\">Unser Kaf\u00adfee basi\u00adert auf einer aus\u00adge\u00adwo\u00adge\u00adnen Misc\u00adhung aus kolum\u00adbi\u00ada\u00adni\u00adsc\u00adhen Kaf\u00adfe\u00ade\u00adsor\u00adten. Er zeic\u00adhnet sich aus durch eine mil\u00adde S\u00e4u\u00adre, ein weic\u00adhes und fei\u00adnes Aro\u00adma und einen kr\u00e4f\u00adti\u00adgen, run\u00adden Geschmack.<\/p>\n<div class=\"wp-block-spacer\" style=\"text-align: justify;\" aria-hidden=\"true\">&nbsp;<\/div>\n<p style=\"text-align: justify;\"><em>Erh\u00e4l\u00adtlich als gan\u00adze Bohne oder auch gema\u00adhlen<\/em>.<\/p>\n<p style=\"text-align: justify;\"><strong>250 g l EUR 8,90<\/strong><\/p>\n<p style=\"text-align: justify;\">Die K\u00fcn\u00adstler\u00adbr\u00fcder Egid Qui\u00adrin und Cos\u00admas Dami\u00adan Asam, wie sie sich in unse\u00adrer Klo\u00ads\u00adter\u00adkirc\u00adhe dar\u00adge\u00ads\u00adtellt haben, zie\u00adren die Eti\u00adket\u00adten. So hof\u00adfen wir, dass Sie beim Genuss uns\u00adrer Kaf\u00adfe\u00ade\u00ads\u00adpe\u00adzi\u00ada\u00adli\u00adt\u00e4ten an einen sch\u00f6nen Tag in Klo\u00ads\u00adter Wel\u00adten\u00adburg mit sei\u00adner Asam-Kirc\u00adhe, dem Dona\u00adu\u00addurc\u00adhbruch und einem der sch\u00f6n\u00adsten Bier\u00adg\u00e4r\u00adten Bayerns zur\u00fcck\u00adden\u00adken oder mit die\u00adsem kle\u00adi\u00adnen Mit\u00adbring\u00adsel Ihren Fre\u00adun\u00adden und Bekann\u00adten eine Fre\u00adu\u00adde mac\u00adhen k\u00f6nnen.<\/p>\n<div class=\"wp-block-image\" style=\"text-align: justify;\">&nbsp;<\/div>\n<h2 style=\"text-align: justify;\"><strong>\u00d6ff<\/strong><strong>nungszeiten\n<p><\/p><\/strong><\/h2>\n<p><strong>ab 16. M\u00e4rz&nbsp;2026<\/strong><br>\nMon\u00adtag bis Sonntag<br>\n10 Uhr bis 17&nbsp;Uhr<\/p>\n<p>Kar\u00adfre\u00adi\u00adtag geschlossen<\/p>\n<p><strong>ab 4. April&nbsp;2026<\/strong><br>\nMon\u00adtag bis Samstag<br>\n9 Uhr bis 18&nbsp;Uhr<br>\nSonn\u00adtag und Feiertag<br>\n10 Uhr bis 18&nbsp;Uhr<\/p>\n<\/div>\n<\/div>\n<div class=\"inhalt\">\n<div class=\"inhaltmain\">\n<div><em><span style=\"font-size: 10pt;\">\u00c4nde\u00adrun\u00adgen vorbehalten<\/span><\/em><\/div>\n<div class=\"inhaltmain_ganz\">\n<p>&nbsp;<\/p>\n<p style=\"text-align: justify;\">Wel\u00adten\u00adbur\u00adger Klo\u00ads\u00adter\u00adbe\u00adtri\u00ade\u00adbe&nbsp;GmbH<br>\nKlo\u00ads\u00adter\u00adla\u00adden &amp; \u2014 buchhandlung<br>\nAsam\u00ads\u00adtra\u00ad\u00dfe&nbsp;32<br>\n93309 Kelheim<br>\nTele\u00adfon 09441 204\u20130<\/p>\n<p style=\"text-align: justify;\"><a href=\"mailto:klosterladen@kloster-weltenburg.de\">klosterladen@kloster-weltenburg.de<\/a><\/p>\n<\/div>\n<\/div>\n<\/div>\n","protected":false},"excerpt":{"rendered":"<p>Herz\u00adlich Willkom\u00admen im Klo\u00ads\u00adter\u00adla\u00adden der Bene\u00addik\u00adti\u00adne\u00adrab\u00adtei St. Georg Wel\u00adten\u00adburg! In unse\u00adrem Klo\u00ads\u00adter\u00adla\u00adden direkt neben der Abte\u00adi\u00adkirc\u00adhe bie\u00adten wir Ihnen eine Auswa\u00adhl ver\u00adsc\u00adhi\u00ade\u00adde\u00adner Arti\u00adkel: Bibe\u00adla\u00adu\u00ads\u00adga\u00adben gei\u00ad\u00ads\u00adtlich-the\u00ado\u00ad\u00adlo\u00ad\u00adgi\u00ad\u00ads\u00adc\u00adhe Lite\u00adra\u00adtur Bild\u00adb\u00e4n\u00adde Kin\u00adder- und Jugend\u00adb\u00fcc\u00adher Gesc\u00adhenk\u00adb\u00fcc\u00adher Ges\u00adc\u00adhenk- und Gl\u00fcc\u00adkwun\u00adsc\u00adhkar\u00adten Ansic\u00adht\u00ads\u00adkar\u00adten Rosen\u00adkr\u00e4n\u00adze Holz\u00adsc\u00adhnit\u00adze\u00adre\u00adi\u00aden, Iko\u00adnen, Bron\u00adze\u00adkunst und wei\u00adte\u00adre reli\u00adgi\u00ad\u00f6se Kun\u00adstar\u00adti\u00adkel Ker\u00adzen f\u00fcr die ver\u00adsc\u00adhi\u00ade\u00adden\u00adsten Anl\u00e4s\u00adse: Tauf- und Hoc\u00adhze\u00adit\u00ads\u00adker\u00adzen, Schmuc\u00adkker\u00adzen in Han\u00addar\u00adbe\u00adit gefertigt&nbsp;\u2026&nbsp;<\/p>\n<p class=\"link-more\"><a href=\"https:\/\/www.kloster-weltenburg.de\/eo\/klosterladen\/\" class=\"more-link\">Con\u00adti\u00adnue rea\u00adding<span class=\"screen-reader-text\"> \u201cKlo\u00ads\u00adter\u00adla\u00adden\u201d<\/span><\/a><\/p>\n","protected":false},"author":2,"featured_media":5098,"parent":0,"menu_order":0,"comment_status":"closed","ping_status":"closed","template":"","meta":{"wp_typography_post_enhancements_disabled":false,"ngg_post_thumbnail":0,"footnotes":""},"class_list":["post-78","page","type-page","status-publish","has-post-thumbnail","hentry"],"_links":{"self":[{"href":"https:\/\/www.kloster-weltenburg.de\/eo\/wp-json\/wp\/v2\/pages\/78","targetHints":{"allow":["GET"]}}],"collection":[{"href":"https:\/\/www.kloster-weltenburg.de\/eo\/wp-json\/wp\/v2\/pages"}],"about":[{"href":"https:\/\/www.kloster-weltenburg.de\/eo\/wp-json\/wp\/v2\/types\/page"}],"author":[{"embeddable":true,"href":"https:\/\/www.kloster-weltenburg.de\/eo\/wp-json\/wp\/v2\/users\/2"}],"replies":[{"embeddable":true,"href":"https:\/\/www.kloster-weltenburg.de\/eo\/wp-json\/wp\/v2\/comments?post=78"}],"version-history":[{"count":45,"href":"https:\/\/www.kloster-weltenburg.de\/eo\/wp-json\/wp\/v2\/pages\/78\/revisions"}],"predecessor-version":[{"id":7047,"href":"https:\/\/www.kloster-weltenburg.de\/eo\/wp-json\/wp\/v2\/pages\/78\/revisions\/7047"}],"wp:featuredmedia":[{"embeddable":true,"href":"https:\/\/www.kloster-weltenburg.de\/eo\/wp-json\/wp\/v2\/media\/5098"}],"wp:attachment":[{"href":"https:\/\/www.kloster-weltenburg.de\/eo\/wp-json\/wp\/v2\/media?parent=78"}],"curies":[{"name":"wp","href":"https:\/\/api.w.org\/{rel}","templated":true}]}}