{"id":5677,"date":"2022-03-28T15:45:31","date_gmt":"2022-03-28T13:45:31","guid":{"rendered":"https:\/\/www.kloster-weltenburg.de\/?page_id=5677"},"modified":"2022-03-29T17:13:31","modified_gmt":"2022-03-29T15:13:31","slug":"ausstattung-der-kirche","status":"publish","type":"page","link":"https:\/\/www.kloster-weltenburg.de\/es\/kloster-kirche\/kirche\/ausstattung-der-kirche\/","title":{"rendered":"Vorhalle"},"content":{"rendered":"<p style=\"text-align: justify;\">Tra\u00addi\u00adtio\u00adnell fin\u00addet sich hier im Wes\u00adten der Kir\u00adche ein apo\u00adkaly\u00adptis\u00adches Bild\u00adpro\u00adgramm. Sei\u00adne Mit\u00adte hat es in dem 1745 von F. E. Asam auf Lein\u00adwand gemal\u00adten Dec\u00adken\u00adbild des J\u00fcngs\u00adten Gerichts. Darum grup\u00adpie\u00adren sich in Stuc\u00adkre\u00adliefs E. Q. Asams von 1735\/36 die sog. \u00bbVier letz\u00adten Din\u00adge\u00ab: der Tod (des\u00adsen Pfei\u00adlen nie\u00admand ent\u00adkommt), das Gericht (Posau\u00adne, Buch, Sch\u00adwert und Waa\u00adge), die H\u00f6lle (Schlan\u00adge, Flam\u00admen, Fac\u00adkel) und \u2013 \u00fcber dem Durch\u00adgang&nbsp;zum<br>\nHaup\u00adtraum \u2013 der Him\u00admel (Herz im Ange\u00adsicht des drei\u00adfal\u00adti\u00adgen Got\u00adtes). Daz\u00adwis\u00adchen f\u00fch\u00adren die vier Jah\u00adres\u00adzei\u00adten (Bl\u00fc\u00adten\u00adpracht f\u00fcr Fr\u00fch\u00adling, \u00c4hren und Fr\u00fcch\u00adte f\u00fcr Som\u00admer, kah\u00adler Strauch f\u00fcr Herbst und \u00d6fchen f\u00fcr Win\u00adter) sym\u00adbo\u00adlisch das Erden\u00adle\u00adben des Mens\u00adchen und des\u00adsen Ver\u00adg\u00e4n\u00adglich\u00adkeit vor Augen. Zudem die\u00adnen in die\u00adsem nie\u00addri\u00adgen Vor- und Durch\u00adgangs\u00adraum, der schon in Form und Aus\u00adges\u00adtal\u00adtung Ele\u00admen\u00adte des Haup\u00adtraums andeu\u00adtet, die bei\u00adden Mar\u00admor\u00adbeichts\u00adt\u00fch\u00adle J. J. K\u00fcrsch\u00adners von 1736 mit den erst 1751 von F. A. Neu auf\u00adge\u00adsetz\u00adten Stuck\u00adb\u00fcs\u00adten der typis\u00adchen B\u00fc\u00dferhei\u00adli\u00adgen Maria Mag\u00adda\u00adle\u00adna und Petrus der Vor\u00adbe\u00adrei\u00adtung auf den Kup\u00adpel\u00adraum bzw. den (dort abge\u00adbil\u00adde\u00adten) Himmel.<\/p>\n<p>&nbsp;<\/p>\n","protected":false},"excerpt":{"rendered":"<p>Tra\u00addi\u00adtio\u00adnell fin\u00addet sich hier im Wes\u00adten der Kir\u00adche ein apo\u00adkaly\u00adptis\u00adches Bild\u00adpro\u00adgramm. Sei\u00adne Mit\u00adte hat es in dem 1745 von F. E. Asam auf Lein\u00adwand gemal\u00adten Dec\u00adken\u00adbild des J\u00fcngs\u00adten Gerichts. Darum grup\u00adpie\u00adren sich in Stuc\u00adkre\u00adliefs E. Q. Asams von 1735\/36 die sog. \u00bbVier letz\u00adten Din\u00adge\u00ab: der Tod (des\u00adsen Pfei\u00adlen nie\u00admand ent\u00adkommt), das Gericht (Posau\u00adne, Buch, Schwert&nbsp;\u2026&nbsp;<\/p>\n<p class=\"link-more\"><a href=\"https:\/\/www.kloster-weltenburg.de\/es\/kloster-kirche\/kirche\/ausstattung-der-kirche\/\" class=\"more-link\">Con\u00adti\u00adnuar leyen\u00addo<span class=\"screen-reader-text\"> \u201cVorha\u00adlle\u201d<\/span><\/a><\/p>\n","protected":false},"author":2,"featured_media":5764,"parent":58,"menu_order":0,"comment_status":"closed","ping_status":"closed","template":"","meta":{"wp_typography_post_enhancements_disabled":false,"ngg_post_thumbnail":0,"footnotes":""},"class_list":["post-5677","page","type-page","status-publish","has-post-thumbnail","hentry"],"_links":{"self":[{"href":"https:\/\/www.kloster-weltenburg.de\/es\/wp-json\/wp\/v2\/pages\/5677","targetHints":{"allow":["GET"]}}],"collection":[{"href":"https:\/\/www.kloster-weltenburg.de\/es\/wp-json\/wp\/v2\/pages"}],"about":[{"href":"https:\/\/www.kloster-weltenburg.de\/es\/wp-json\/wp\/v2\/types\/page"}],"author":[{"embeddable":true,"href":"https:\/\/www.kloster-weltenburg.de\/es\/wp-json\/wp\/v2\/users\/2"}],"replies":[{"embeddable":true,"href":"https:\/\/www.kloster-weltenburg.de\/es\/wp-json\/wp\/v2\/comments?post=5677"}],"version-history":[{"count":5,"href":"https:\/\/www.kloster-weltenburg.de\/es\/wp-json\/wp\/v2\/pages\/5677\/revisions"}],"predecessor-version":[{"id":5713,"href":"https:\/\/www.kloster-weltenburg.de\/es\/wp-json\/wp\/v2\/pages\/5677\/revisions\/5713"}],"up":[{"embeddable":true,"href":"https:\/\/www.kloster-weltenburg.de\/es\/wp-json\/wp\/v2\/pages\/58"}],"wp:featuredmedia":[{"embeddable":true,"href":"https:\/\/www.kloster-weltenburg.de\/es\/wp-json\/wp\/v2\/media\/5764"}],"wp:attachment":[{"href":"https:\/\/www.kloster-weltenburg.de\/es\/wp-json\/wp\/v2\/media?parent=5677"}],"curies":[{"name":"wp","href":"https:\/\/api.w.org\/{rel}","templated":true}]}}