{"id":4917,"date":"2020-06-10T19:40:02","date_gmt":"2020-06-10T17:40:02","guid":{"rendered":"http:\/\/abtei.kloster-weltenburg.de\/abbaye-eglise\/"},"modified":"2022-04-02T16:33:44","modified_gmt":"2022-04-02T14:33:44","slug":"abbaye-eglise","status":"publish","type":"page","link":"https:\/\/www.kloster-weltenburg.de\/fr\/abbaye-eglise\/","title":{"rendered":"Abbaye &amp; \u00c8glise"},"content":{"rendered":"<div class=\"inhalt\">\n<div class=\"inhaltmain\">\n<div class=\"inhaltmain_ganz\">\n<h2 style=\"text-align: justify;\">Petit Guide de l\u2019Abbaye de Weltenburg<\/h2>\n<p>L\u2019Abbaye de Wel\u00adten\u00adburg, la plus ancienne de la Bavi\u00e8re, a \u00e9t\u00e9 fon\u00add\u00e9e en 600 par des moines de St. Colum\u00adban. <span style=\"font-size: 1rem;\">Elle est situ\u00e9e \u00e0 l\u2019entr\u00e9e du per\u00adce\u00adment roman\u00adtique du Danube \u00e0 la pente du nord de l\u2019Arzberg, un ancien habi\u00adtat cel\u00adtique, Arto\u00adbri\u00adga. L\u2019\u00e9glise baroque, \u0153uvre de Cos\u00admas Damian et d\u2019Aegid Qui\u00adrin Asam, fut com\u00admen\u00adc\u00e9e en 1716 sous l\u2019Abb\u00e9 Mau\u00adrus Bae\u00adchl. Le porche fut ache\u00adv\u00e9 en 1751 par Franz Anton Neu. Des repr\u00e9\u00adsen\u00adta\u00adtions sym\u00adbo\u00adliques des quatre der\u00adni\u00e8res choses (la Mort, le Juge\u00adment, le Ciel, les Infernes) et des quatre sai\u00adsons, une pein\u00adture \u00e0 l\u2019huile du der\u00adnier Juge\u00adment, expres\u00adsion de la nature pas\u00adsa\u00adg\u00e8re des choses ter\u00adrestres, et deux confes\u00adsion\u00adnaux <\/span><span style=\"text-align: justify; font-size: 1rem;\">avec en relief St. Pierre et Ste Made\u00adleine p\u00e9ni\u00adtente, nous appellent \u00e0 la m\u00e9ditation.&nbsp;<\/span><\/p>\n<p style=\"text-align: justify;\">\nOn entre par la grande nef ovale, divi\u00ads\u00e9e en quatre grandes niches. Dans la niche vers l\u2019ouest se trouve l\u2019orgue avec le ch\u0153ur. Le b\u00e2ti dor\u00admant est de Cas\u00adpar Mayr, l\u2019orgue de Kon\u00adrad Bran\u00adden\u00adstein (1728), l\u2019unique orgue de cet esp\u00e8ce pr\u00e9\u00adser\u00adv\u00e9e jusqu\u2019\u00e0 nos&nbsp;jours.&nbsp;<\/p>\n<p>La niche plate vers le sud montre au-des\u00adsus St. B\u00eanoit, au-des\u00adsous nous voyons l\u2019arrriv\u00e9e des pre\u00admiers moines b\u00e9n\u00e9\u00addic\u00adtins en Am\u00e9\u00adrique au bord de la \u201eSan\u00adta&nbsp;Maria\u201c.&nbsp;<\/p>\n<p>Dans la niche vers le nord se trouve la chaire de marbre de Wel\u00adten\u00adburg encas\u00adtr\u00e9e dans le tableau&nbsp;: St. Benoit, qui pr\u00eache avec les pre\u00admiers mots latins de la R\u00e8gle b\u00e9n\u00e9\u00addic\u00adtine&nbsp;: \u201eEcou\u00adtez, mon fils\u201c. Nous devons \u00eatre des \u00e9cou\u00adteurs comme les hommes d\u2019un c\u00f4t\u00e9 qui sont du Tableau buvant l\u2019eau de l\u2019\u00c9vangile.&nbsp;<\/p>\n<p>Entre les niches se trouvent quatre petites cha\u00adpelles construites de la m\u00eame mani\u00e8re&nbsp;: les pein\u00adtures de l\u2019autel nous montrent St. Benoit en m\u00e9di\u00adta\u00adtion&nbsp;; St. Mau\u00adrus sau\u00advant St. Pla\u00adci\u00addus&nbsp;; l\u2019au\u00adtel de la St. Tri\u00adni\u00adt\u00e9 avec le cou\u00adron\u00adne\u00adment de la Vierge est un \u0153uvre de Dabur\u00adger, tous les autres sont de C. D. Asam, aus\u00adsi l\u2019autel de la Ste Croix avec cinq anges qui pleurent sur Notre Sei\u00adgneur. Dans les m\u00e9daillons, Ste Sco\u00adlas\u00adtique, St. Jean Nepo\u00admuk, St. Joseph, un ange gar\u00addien avec un enfant. La repr\u00e9\u00adsen\u00adta\u00adtion des anges se trouve sou\u00advent, car le monas\u00adt\u00e8re s\u2019est uni en 1686 \u00e1 la congr\u00e9\u00adga\u00adtion b\u00e9n\u00e9\u00addic\u00adtine bava\u00adroise des Sts Anges Gar\u00addiens. Sur la demi cou\u00adpole en or&nbsp;: les Archanges Raphael, Michael, Gabriel avec le rosaire et Uriel avec le feu de l\u2019adoration. Sur l\u2019are du ch\u0153ur la mort de St. Benoit et en face la mort de sa s\u0153ur Sco\u00adlas\u00adtique au c\u00f4t\u00e9 nord le roi des Ostro\u00adgoths Toti\u00adla devant St. Benoit et en face la construc\u00adtion du monas\u00adt\u00e8re de Monte Cas\u00adsi\u00adno en 529. Au-des\u00adsous de chaque relief un des quatre \u00e9van\u00adg\u00e9\u00adlistes. Le construc\u00adteur de l\u2019\u00e9glise, Cos\u00admas Damian Asam, est repr\u00e9\u00adsen\u00adt\u00e9 entre la balus\u00adtrade et la cou\u00adronne, au-des\u00adsus de St.&nbsp;Luc.&nbsp;<br>\nLa qua\u00adtri\u00e8me niche s\u2019ouvre vers le ma\u00eetre-autel qui res\u00adsemble \u00e0 une tri\u00adbune. Le Patron de l\u2019\u00e9glise, St. George, tue le dra\u00adgon et sauve la fille du roi. Der\u00adri\u00e8re, dans une abon\u00addance de lumi\u00e8re, l\u2019Immacul\u00e9e \u00e9cra\u00adsant le ser\u00adpent. A gauche St. Mar\u00adtin, \u00e0 droit St. Mau\u00adrus ayant les traits de l\u2019Abb\u00e9 Mau\u00adrus Bae\u00adchl. Au-des\u00adsus de l\u2019arc du ch\u0153ur les armoi\u00adries de l\u2019\u00c9lecteur Charles Albrecht, plus tard Empe\u00adreur Charles VII. Cou\u00adron\u00adnant l\u2019autel, nous voyons la St. Vierge repr\u00e9\u00adsen\u00adt\u00e9e dans les deux moments supr\u00eames de sa vie&nbsp;: l\u2019annonciation par l\u2019Archange Gabriel et l\u2019ange qui remet le sceptre de la domi\u00adna\u00adtion \u00e0 la M\u00e8re de Dieu. Marie appa\u00adra\u00eet comme la femme \u201ev\u00eatue du soleil\u201c, plon\u00adg\u00e9e dans la lumi\u00e8re, par l\u2019artiste. Au-des\u00adsus d\u2019elle le Christ res\u00adsus\u00adci\u00adt\u00e9 l\u2019attend. Dans l\u2019arc du ch\u0153ur \u201ela Reli\u00adgion\u201c, St. Benoit et le Duc Tas\u00adsi\u00adlo, second fon\u00adda\u00adteur du monast\u00e8re.&nbsp;<\/p>\n<p style=\"text-align: justify;\">La pein\u00adture au pla\u00adfond, une \u0153uvre tr\u00e8s impor\u00adtante de la pein\u00adture baroque, s\u2019ouvre sur une cou\u00adpole vision\u00adnaire et lumi\u00adneuse avec la repr\u00e9\u00adsen\u00adta\u00adtion de la Ste Tri\u00adni\u00adt\u00e9 cou\u00adron\u00adnant la Vierge comme l\u2019humble ser\u00advante du Sei\u00adgneur. Au c\u00f4t\u00e9 nord les ap\u00f4tres avec St. Rupert, qui avait consa\u00adcr\u00e9 l\u2019\u00e9glise et la cha\u00adpelle de Notre Dame avec l\u2019image mira\u00adcu\u00adleuse du 15me si\u00e8cle. Au-des\u00adsus de l\u2019orgue la \u201eSainte Famille\u201c; David, Made\u00adleine, C\u00e9cile, quatre saintes femmes, St. Mar\u00adtin. L\u2019Abb\u00e9 Mau\u00adrus Bae\u00adchl, Ste Sco\u00adlas\u00adtique et St. Benoit, \u00e0 c\u00f4t\u00e9 de \u201el\u2019\u00c9glise triom\u00adphante\u201c St. George avec le dra\u00adgon. La pen\u00ads\u00e9e mys\u00adtique de la puri\u00adfi\u00adca\u00adtion, de l\u2019illumination et de l\u2019unification de Dio\u00adny\u00adsios Ar\u00e9o\u00adpa\u00adgite a trou\u00adv\u00e9 ici une expres\u00adsion artis\u00adtique grandiose.<\/p>\n<\/div>\n<\/div>\n<\/div>\n","protected":false},"excerpt":{"rendered":"<p>Petit Guide de l\u2019Abbaye de Wel\u00adten\u00adburg L\u2019Abbaye de Wel\u00adten\u00adburg, la plus ancienne de la Bavi\u00e8re, a \u00e9t\u00e9 fon\u00add\u00e9e en 600 par des moines de St. Colum\u00adban. Elle est situ\u00e9e \u00e0 l\u2019entr\u00e9e du per\u00adce\u00adment roman\u00adtique du Danube \u00e0 la pente du nord de l\u2019Arzberg, un ancien habi\u00adtat cel\u00adtique, Arto\u00adbri\u00adga. L\u2019\u00e9glise baroque, \u0153uvre de Cos\u00admas Damian et&nbsp;\u2026&nbsp;<\/p>\n<p class=\"link-more\"><a href=\"https:\/\/www.kloster-weltenburg.de\/fr\/abbaye-eglise\/\" class=\"more-link\">Conti\u00adnuer la lec\u00adture<span class=\"screen-reader-text\"> de \u00ab&nbsp;Abbaye &amp; \u00c8glise&nbsp;\u00bb<\/span><\/a><\/p>\n","protected":false},"author":2,"featured_media":0,"parent":0,"menu_order":0,"comment_status":"closed","ping_status":"closed","template":"","meta":{"wp_typography_post_enhancements_disabled":false,"ngg_post_thumbnail":0,"footnotes":""},"class_list":["post-4917","page","type-page","status-publish","hentry"],"_links":{"self":[{"href":"https:\/\/www.kloster-weltenburg.de\/fr\/wp-json\/wp\/v2\/pages\/4917","targetHints":{"allow":["GET"]}}],"collection":[{"href":"https:\/\/www.kloster-weltenburg.de\/fr\/wp-json\/wp\/v2\/pages"}],"about":[{"href":"https:\/\/www.kloster-weltenburg.de\/fr\/wp-json\/wp\/v2\/types\/page"}],"author":[{"embeddable":true,"href":"https:\/\/www.kloster-weltenburg.de\/fr\/wp-json\/wp\/v2\/users\/2"}],"replies":[{"embeddable":true,"href":"https:\/\/www.kloster-weltenburg.de\/fr\/wp-json\/wp\/v2\/comments?post=4917"}],"version-history":[{"count":2,"href":"https:\/\/www.kloster-weltenburg.de\/fr\/wp-json\/wp\/v2\/pages\/4917\/revisions"}],"predecessor-version":[{"id":5927,"href":"https:\/\/www.kloster-weltenburg.de\/fr\/wp-json\/wp\/v2\/pages\/4917\/revisions\/5927"}],"wp:attachment":[{"href":"https:\/\/www.kloster-weltenburg.de\/fr\/wp-json\/wp\/v2\/media?parent=4917"}],"curies":[{"name":"wp","href":"https:\/\/api.w.org\/{rel}","templated":true}]}}