{"id":56,"date":"2020-06-02T08:19:56","date_gmt":"2020-06-02T06:19:56","guid":{"rendered":"http:\/\/abtei.kloster-weltenburg.de\/?page_id=56"},"modified":"2022-04-04T21:00:35","modified_gmt":"2022-04-04T19:00:35","slug":"kuenstlerverzeichnis","status":"publish","type":"page","link":"https:\/\/www.kloster-weltenburg.de\/fr\/kloster-kirche\/kuenstlerverzeichnis\/","title":{"rendered":"K\u00fcnstlerverzeichnis"},"content":{"rendered":"<h2 style=\"text-align: justify;\">Baumeister der Kirche&nbsp;:<\/h2>\n<p style=\"text-align: justify;\">Cos\u00admas Damian Asam, Maler und Archi\u00adtekt (+&nbsp;1739)<\/p>\n<h2 style=\"text-align: justify;\">Baumeister des Klosters&nbsp;:<\/h2>\n<p style=\"text-align: justify;\">Fran\u00adzis\u00adka\u00adne\u00adror\u00addens\u00adbru\u00adder Phi\u00adlipp Plank (+&nbsp;1720)<\/p>\n<h2 style=\"text-align: justify;\">Baufirma&nbsp;:<\/h2>\n<p style=\"text-align: justify;\">Michael Wolf von Stadtamhof<\/p>\n<h2 style=\"text-align: justify;\">Stukkator&nbsp;:<\/h2>\n<p style=\"text-align: justify;\">Egid Qui\u00adrin&nbsp;Asam<\/p>\n<h2 style=\"text-align: justify;\">Marmorarbeiten&nbsp;:<\/h2>\n<p style=\"text-align: justify;\">Franz Peter Gior\u00adgio\u00adli, Sebas\u00adtian Rott\u00adfel\u00adder und Jakob K\u00fcrschner<\/p>\n<h2 style=\"text-align: justify;\">Portal&nbsp;:<\/h2>\n<p style=\"text-align: justify;\">Vitus Filler, Bene\u00addik\u00adtus\u00adfi\u00adgur der Fas\u00adsade, Kir\u00adchenst\u00fchle und Stu\u00adckauf\u00ads\u00e4tze der Beichtst\u00fchle in der Vorhalle&nbsp;: Franz Anton Neu aus Pr\u00fcfening<\/p>\n<h2 style=\"text-align: justify;\">Orgelgeh\u00e4use&nbsp;:<\/h2>\n<p style=\"text-align: justify;\">Cas\u00adpar Mayr aus Stadtamhof<\/p>\n<h2 style=\"text-align: justify;\">Orgel&nbsp;:<\/h2>\n<p style=\"text-align: justify;\">Kon\u00adrad Bran\u00adden\u00adstein aus Stadtamhof<\/p>\n<h2>Renovierungen&nbsp;:<\/h2>\n<p style=\"text-align: justify;\">Unter Lei\u00adtung des Lan\u00adde\u00adsamtes f\u00fcr Denk\u00admalp\u00adflege wurde 1960\/62 durch fach\u00adkun\u00addige Fir\u00admen und bew\u00e4hrte, Res\u00adtau\u00adra\u00adto\u00adren die Kirche reno\u00adviert mit der Ten\u00addenz, ihre urs\u00adpr\u00fcn\u00adgliche Fas\u00adsung wie\u00adde\u00adrher\u00adzus\u00adtel\u00adlen, die durch die Reno\u00advie\u00adrung\u00adsar\u00adbei\u00adten von 1874 und 1888 dem dama\u00adli\u00adgen Zeit\u00adges\u00adch\u00admack ents\u00adpre\u00adchend ins\u00adbe\u00adson\u00addere in der Far\u00adben\u00adkom\u00adpo\u00adsi\u00adtion abge\u00e4n\u00addert wor\u00adden war. Im Januar 1999 began\u00adnen die Arbei\u00adten an der Figu\u00adren\u00adgruppe des Hochal\u00adtars, um ihr die urs\u00adpr\u00fcn\u00adgliche Fas\u00adsung wie\u00adder\u00adzu\u00adge\u00adben. Sie wer\u00adden sich bis 2001 hinziehen.<\/p>\n","protected":false},"excerpt":{"rendered":"<p>Bau\u00admeis\u00adter der Kirche&nbsp;: Cos\u00admas Damian Asam, Maler und Archi\u00adtekt (+&nbsp;1739) Bau\u00admeis\u00adter des Klos\u00adters&nbsp;: Fran\u00adzis\u00adka\u00adne\u00adror\u00addens\u00adbru\u00adder Phi\u00adlipp Plank (+&nbsp;1720) Bau\u00adfir\u00adma&nbsp;: Michael Wolf von Stad\u00adtam\u00adhof Stuk\u00adka\u00adtor&nbsp;: Egid Qui\u00adrin&nbsp;Asam Mar\u00admo\u00adrar\u00adbei\u00adten&nbsp;: Franz Peter Gior\u00adgio\u00adli, Sebas\u00adtian Rott\u00adfel\u00adder und Jakob K\u00fcr\u00adsch\u00adner Por\u00adtal&nbsp;: Vitus Filler, Bene\u00addik\u00adtus\u00adfi\u00adgur der Fas\u00adsade, Kir\u00adchenst\u00fchle und Stu\u00adckauf\u00ads\u00e4tze der Beichtst\u00fchle in der Vorhalle&nbsp;: Franz Anton Neu aus Pr\u00fc\u00adfe\u00adning Orgel\u00adgeh\u00e4use&nbsp;: Caspar&nbsp;\u2026&nbsp;<\/p>\n<p class=\"link-more\"><a href=\"https:\/\/www.kloster-weltenburg.de\/fr\/kloster-kirche\/kuenstlerverzeichnis\/\" class=\"more-link\">Conti\u00adnuer la lec\u00adture<span class=\"screen-reader-text\"> de \u00ab&nbsp;K\u00fcnstlerverzeichnis&nbsp;\u00bb<\/span><\/a><\/p>\n","protected":false},"author":2,"featured_media":5875,"parent":107,"menu_order":0,"comment_status":"closed","ping_status":"closed","template":"","meta":{"wp_typography_post_enhancements_disabled":false,"ngg_post_thumbnail":0,"footnotes":""},"class_list":["post-56","page","type-page","status-publish","has-post-thumbnail","hentry"],"_links":{"self":[{"href":"https:\/\/www.kloster-weltenburg.de\/fr\/wp-json\/wp\/v2\/pages\/56","targetHints":{"allow":["GET"]}}],"collection":[{"href":"https:\/\/www.kloster-weltenburg.de\/fr\/wp-json\/wp\/v2\/pages"}],"about":[{"href":"https:\/\/www.kloster-weltenburg.de\/fr\/wp-json\/wp\/v2\/types\/page"}],"author":[{"embeddable":true,"href":"https:\/\/www.kloster-weltenburg.de\/fr\/wp-json\/wp\/v2\/users\/2"}],"replies":[{"embeddable":true,"href":"https:\/\/www.kloster-weltenburg.de\/fr\/wp-json\/wp\/v2\/comments?post=56"}],"version-history":[{"count":4,"href":"https:\/\/www.kloster-weltenburg.de\/fr\/wp-json\/wp\/v2\/pages\/56\/revisions"}],"predecessor-version":[{"id":6038,"href":"https:\/\/www.kloster-weltenburg.de\/fr\/wp-json\/wp\/v2\/pages\/56\/revisions\/6038"}],"up":[{"embeddable":true,"href":"https:\/\/www.kloster-weltenburg.de\/fr\/wp-json\/wp\/v2\/pages\/107"}],"wp:featuredmedia":[{"embeddable":true,"href":"https:\/\/www.kloster-weltenburg.de\/fr\/wp-json\/wp\/v2\/media\/5875"}],"wp:attachment":[{"href":"https:\/\/www.kloster-weltenburg.de\/fr\/wp-json\/wp\/v2\/media?parent=56"}],"curies":[{"name":"wp","href":"https:\/\/api.w.org\/{rel}","templated":true}]}}