{"id":5677,"date":"2022-03-28T15:45:31","date_gmt":"2022-03-28T13:45:31","guid":{"rendered":"https:\/\/www.kloster-weltenburg.de\/?page_id=5677"},"modified":"2022-03-29T17:13:31","modified_gmt":"2022-03-29T15:13:31","slug":"ausstattung-der-kirche","status":"publish","type":"page","link":"https:\/\/www.kloster-weltenburg.de\/fr\/kloster-kirche\/kirche\/ausstattung-der-kirche\/","title":{"rendered":"Vorhalle"},"content":{"rendered":"<p style=\"text-align: justify;\">Tra\u00addi\u00adtio\u00adnell fin\u00addet sich hier im Wes\u00adten der Kirche ein apo\u00adka\u00adlyp\u00adtisches Bild\u00adpro\u00adgramm. Seine Mitte hat es in dem 1745 von F. E. Asam auf Lein\u00adwand gemal\u00adten Decken\u00adbild des J\u00fcng\u00adsten Gerichts. Darum grup\u00adpie\u00adren sich in Stu\u00adckre\u00adliefs E. Q. Asams von 1735\/36 die sog. \u00bbVier letz\u00adten Dinge\u00ab: der Tod (des\u00adsen Pfei\u00adlen nie\u00admand ent\u00adkommt), das Gericht (Posaune, Buch, Schwert und Waage), die H\u00f6lle (Schlange, Flam\u00admen, Fackel) und \u2013 \u00fcber dem Durch\u00adgang&nbsp;zum<br>\nHaup\u00adtraum \u2013 der Him\u00admel (Herz im Ange\u00adsicht des drei\u00adfal\u00adti\u00adgen Gottes). Daz\u00adwi\u00adschen f\u00fch\u00adren die vier Jah\u00adres\u00adzei\u00adten (Bl\u00fc\u00adten\u00adpracht f\u00fcr Fr\u00fch\u00adling, \u00c4hren und Fr\u00fcchte f\u00fcr Som\u00admer, kah\u00adler Strauch f\u00fcr Herbst und \u00d6fchen f\u00fcr Win\u00adter) sym\u00adbo\u00adlisch das Erden\u00adle\u00adben des Men\u00adschen und des\u00adsen Verg\u00e4n\u00adgli\u00adch\u00adkeit vor Augen. Zudem dienen in die\u00adsem nie\u00addri\u00adgen Vor- und Durch\u00adgang\u00adsraum, der schon in Form und Aus\u00adges\u00adtal\u00adtung Ele\u00admente des Haup\u00adtraums andeu\u00adtet, die bei\u00adden Mar\u00admor\u00adbeichtst\u00fchle J. J. K\u00fcr\u00adsch\u00adners von 1736 mit den erst 1751 von F. A. Neu auf\u00adge\u00adsetz\u00adten Stuckb\u00fcs\u00adten der typi\u00adschen B\u00fc\u00dfe\u00adrhei\u00adli\u00adgen Maria Mag\u00adda\u00adle\u00adna und Petrus der Vor\u00adbe\u00adrei\u00adtung auf den Kup\u00adpel\u00adraum bzw. den (dort abge\u00adbil\u00adde\u00adten) Himmel.<\/p>\n<p>&nbsp;<\/p>\n","protected":false},"excerpt":{"rendered":"<p>Tra\u00addi\u00adtio\u00adnell fin\u00addet sich hier im Wes\u00adten der Kirche ein apo\u00adka\u00adlyp\u00adtisches Bild\u00adpro\u00adgramm. Seine Mitte hat es in dem 1745 von F. E. Asam auf Lein\u00adwand gemal\u00adten Decken\u00adbild des J\u00fcng\u00adsten Gerichts. Darum grup\u00adpie\u00adren sich in Stu\u00adckre\u00adliefs E. Q. Asams von 1735\/36 die sog. \u00bbVier letz\u00adten Dinge\u00ab: der Tod (des\u00adsen Pfei\u00adlen nie\u00admand ent\u00adkommt), das Gericht (Posaune, Buch, Schwert&nbsp;\u2026&nbsp;<\/p>\n<p class=\"link-more\"><a href=\"https:\/\/www.kloster-weltenburg.de\/fr\/kloster-kirche\/kirche\/ausstattung-der-kirche\/\" class=\"more-link\">Conti\u00adnuer la lec\u00adture<span class=\"screen-reader-text\"> de \u00ab&nbsp;Vorhalle&nbsp;\u00bb<\/span><\/a><\/p>\n","protected":false},"author":2,"featured_media":5764,"parent":58,"menu_order":0,"comment_status":"closed","ping_status":"closed","template":"","meta":{"wp_typography_post_enhancements_disabled":false,"ngg_post_thumbnail":0,"footnotes":""},"class_list":["post-5677","page","type-page","status-publish","has-post-thumbnail","hentry"],"_links":{"self":[{"href":"https:\/\/www.kloster-weltenburg.de\/fr\/wp-json\/wp\/v2\/pages\/5677","targetHints":{"allow":["GET"]}}],"collection":[{"href":"https:\/\/www.kloster-weltenburg.de\/fr\/wp-json\/wp\/v2\/pages"}],"about":[{"href":"https:\/\/www.kloster-weltenburg.de\/fr\/wp-json\/wp\/v2\/types\/page"}],"author":[{"embeddable":true,"href":"https:\/\/www.kloster-weltenburg.de\/fr\/wp-json\/wp\/v2\/users\/2"}],"replies":[{"embeddable":true,"href":"https:\/\/www.kloster-weltenburg.de\/fr\/wp-json\/wp\/v2\/comments?post=5677"}],"version-history":[{"count":5,"href":"https:\/\/www.kloster-weltenburg.de\/fr\/wp-json\/wp\/v2\/pages\/5677\/revisions"}],"predecessor-version":[{"id":5713,"href":"https:\/\/www.kloster-weltenburg.de\/fr\/wp-json\/wp\/v2\/pages\/5677\/revisions\/5713"}],"up":[{"embeddable":true,"href":"https:\/\/www.kloster-weltenburg.de\/fr\/wp-json\/wp\/v2\/pages\/58"}],"wp:featuredmedia":[{"embeddable":true,"href":"https:\/\/www.kloster-weltenburg.de\/fr\/wp-json\/wp\/v2\/media\/5764"}],"wp:attachment":[{"href":"https:\/\/www.kloster-weltenburg.de\/fr\/wp-json\/wp\/v2\/media?parent=5677"}],"curies":[{"name":"wp","href":"https:\/\/api.w.org\/{rel}","templated":true}]}}