{"id":5694,"date":"2022-03-29T16:35:13","date_gmt":"2022-03-29T14:35:13","guid":{"rendered":"https:\/\/www.kloster-weltenburg.de\/?page_id=5694"},"modified":"2022-03-29T17:08:39","modified_gmt":"2022-03-29T15:08:39","slug":"stuckreliefs","status":"publish","type":"page","link":"https:\/\/www.kloster-weltenburg.de\/fr\/kloster-kirche\/kirche\/stuckreliefs\/","title":{"rendered":"Stuckreliefs"},"content":{"rendered":"<p style=\"text-align: justify;\">\u00dcber jedem die\u00adser Sei\u00adte\u00adnalt\u00e4re prangt an der inne\u00adren Kup\u00adpel\u00adschale ein&nbsp; ele\u00adgantes, ver\u00adgol\u00addetes Stu\u00adckre\u00adlief E.Q. Asams von 1721. Darauf sind vor gr\u00fc\u00adnem Bro\u00adkat\u00admus\u00adter die Erzen\u00adgel Raphael, Michael, Uriel und Gabriel abge\u00adbil\u00addet, die durch ihre Kopf\u00adbe\u00adde\u00adckung zugleich jeweils als Schut\u00adzen\u00adgel eines der vier damals bekann\u00adten Erd\u00adteile gekenn\u00adzeich\u00adnet sind. In den vier Fel\u00addern daz\u00adwi\u00adschen sind gold\u00adschim\u00admernde Asam Stuck\u00adbil\u00adder zu sehen. Auch sie lei\u00adten for\u00admal und inhalt\u00adlich vom rea\u00adlen Kir\u00adchen\u00adraum zum vir\u00adtuel\u00adlen Him\u00admels\u00adraum im Kup\u00adpel\u00adgem\u00e4lde \u00fcber&nbsp;: \u00dcber dem Pres\u00adby\u00adte\u00adrium\u00adsbo\u00adgen haucht der hl. Bene\u00addikt ste\u00adhend seine zum Him\u00admel ent\u00adsch\u00adwe\u00adbende Seele aus. Spie\u00adgel\u00adbild\u00adlich dazu ist an der West\u00adseite das Ster\u00adben sei\u00adner Schwes\u00adter Scho\u00adlas\u00adti\u00adka dar\u00adges\u00adtellt, deren Seele in Form einer Taube auf\u00adsteigt. Die bei\u00adden seit\u00adli\u00adchen Reliefs zei\u00adgen Sze\u00adnen aus Bene\u00addikts Leben&nbsp;: auf der S\u00fcd\u00adseite den trotz teu\u00adfli\u00adschen Ein\u00adgriffs erfol\u00adgrei\u00adchen Bau des Mut\u00adterk\u00adlos\u00adters Mon\u00adte\u00adcas\u00adsi\u00adno 529, gegen\u00fc\u00adber die Pro\u00adphe\u00adzeiung des bal\u00addi\u00adgen Tods von Ost\u00adgo\u00adtenk\u00f6\u00adnig Toti\u00adla. Die acht Kup\u00adpel\u00adfel\u00adder wer\u00adden vonei\u00adnan\u00adder durch flache, mit der sog. Bene\u00addic\u00adtus-Medaille ges\u00adchm\u00fcckte Gurte abge\u00adgrenzt, welche die m\u00e4ch\u00adti\u00adgen Pilas\u00adter des Kir\u00adchen\u00adraums nach oben fort\u00adset\u00adzen. An den Schei\u00adteln der hohen Korbb\u00f6\u00adgen schwe\u00adben Asam\u2019sche Stuck\u00adfi\u00adgu\u00adren der Evan\u00adge\u00adlis\u00adten Johannes, Mat\u00adth\u00e4us, Mar\u00adkus und Lukas auf Wol\u00adken&nbsp;; \u00fcber Letz\u00adte\u00adrem, der zugleich als Patron der Maler verehrt wird, wie am bei\u00adgef\u00fcg\u00adten Mut\u00adter\u00adgot\u00adtes\u00adbild ersicht\u00adlich, fin\u00addet sich die schon erw\u00e4hnte Stuckb\u00fcste C. D.&nbsp;Asams.<\/p>\n","protected":false},"excerpt":{"rendered":"<p>\u00dcber jedem die\u00adser Sei\u00adte\u00adnalt\u00e4re prangt an der inne\u00adren Kup\u00adpel\u00adschale ein&nbsp; ele\u00adgantes, ver\u00adgol\u00addetes Stu\u00adckre\u00adlief E.Q. Asams von 1721. Darauf sind vor gr\u00fc\u00adnem Bro\u00adkat\u00admus\u00adter die Erzen\u00adgel Raphael, Michael, Uriel und Gabriel abge\u00adbil\u00addet, die durch ihre Kopf\u00adbe\u00adde\u00adckung zugleich jeweils als Schut\u00adzen\u00adgel eines der vier damals bekann\u00adten Erd\u00adteile gekenn\u00adzeich\u00adnet sind. In den vier Fel\u00addern daz\u00adwi\u00adschen sind gold\u00adschim\u00admernde Asam Stuckbilder&nbsp;\u2026&nbsp;<\/p>\n<p class=\"link-more\"><a href=\"https:\/\/www.kloster-weltenburg.de\/fr\/kloster-kirche\/kirche\/stuckreliefs\/\" class=\"more-link\">Conti\u00adnuer la lec\u00adture<span class=\"screen-reader-text\"> de \u00ab&nbsp;Stuckreliefs&nbsp;\u00bb<\/span><\/a><\/p>\n","protected":false},"author":2,"featured_media":5750,"parent":58,"menu_order":5,"comment_status":"closed","ping_status":"closed","template":"","meta":{"wp_typography_post_enhancements_disabled":false,"ngg_post_thumbnail":0,"footnotes":""},"class_list":["post-5694","page","type-page","status-publish","has-post-thumbnail","hentry"],"_links":{"self":[{"href":"https:\/\/www.kloster-weltenburg.de\/fr\/wp-json\/wp\/v2\/pages\/5694","targetHints":{"allow":["GET"]}}],"collection":[{"href":"https:\/\/www.kloster-weltenburg.de\/fr\/wp-json\/wp\/v2\/pages"}],"about":[{"href":"https:\/\/www.kloster-weltenburg.de\/fr\/wp-json\/wp\/v2\/types\/page"}],"author":[{"embeddable":true,"href":"https:\/\/www.kloster-weltenburg.de\/fr\/wp-json\/wp\/v2\/users\/2"}],"replies":[{"embeddable":true,"href":"https:\/\/www.kloster-weltenburg.de\/fr\/wp-json\/wp\/v2\/comments?post=5694"}],"version-history":[{"count":4,"href":"https:\/\/www.kloster-weltenburg.de\/fr\/wp-json\/wp\/v2\/pages\/5694\/revisions"}],"predecessor-version":[{"id":5719,"href":"https:\/\/www.kloster-weltenburg.de\/fr\/wp-json\/wp\/v2\/pages\/5694\/revisions\/5719"}],"up":[{"embeddable":true,"href":"https:\/\/www.kloster-weltenburg.de\/fr\/wp-json\/wp\/v2\/pages\/58"}],"wp:featuredmedia":[{"embeddable":true,"href":"https:\/\/www.kloster-weltenburg.de\/fr\/wp-json\/wp\/v2\/media\/5750"}],"wp:attachment":[{"href":"https:\/\/www.kloster-weltenburg.de\/fr\/wp-json\/wp\/v2\/media?parent=5694"}],"curies":[{"name":"wp","href":"https:\/\/api.w.org\/{rel}","templated":true}]}}