{"id":6877,"date":"2025-06-26T16:55:50","date_gmt":"2025-06-26T14:55:50","guid":{"rendered":"https:\/\/www.kloster-weltenburg.de\/?page_id=6877"},"modified":"2025-06-26T17:04:23","modified_gmt":"2025-06-26T15:04:23","slug":"barrierefreiheitserklaerung","status":"publish","type":"page","link":"https:\/\/www.kloster-weltenburg.de\/fr\/barrierefreiheitserklaerung\/","title":{"rendered":"Barrierefreiheitserkl\u00e4rung"},"content":{"rendered":"<h1>Erkl\u00e4rung zur Barrierefreiheit f\u00fcr Dienstleistungen<\/h1>\n<p>Im Rah\u00admen unse\u00adrer Bar\u00adrie\u00adre\u00adfrei\u00adheit\u00adserkl\u00e4\u00adrung m\u00f6ch\u00adten wir Ihnen einen \u00dcber\u00adblick \u00fcber den Stand der Verein\u00adbar\u00adkeit der unten bes\u00adchrie\u00adbe\u00adnen Dienstleistung(en) mit den Anfor\u00adde\u00adrun\u00adgen der Bar\u00adrie\u00adre\u00adfrei\u00adheit nach gesetz\u00adli\u00adchen Vor\u00adschrif\u00adten (ins\u00adbe\u00adson\u00addere mit dem Bar\u00adrie\u00adre\u00adfrei\u00adheitsst\u00e4r\u00adkung\u00adsge\u00adsetz \u2013 BFSG)&nbsp;geben.<\/p>\n<h2>Angaben zum Dienstleistungserbringer<\/h2>\n<p>Bene\u00addik\u00adti\u00adne\u00adrabte Wel\u00adten\u00adburg&nbsp;Kd\u00f6R<br>\nAsam\u00adstra\u00dfe 32<br>\n93309 Kelheim<br>\nBayern<\/p>\n<h2>Allgemeine Beschreibung der Dienstleistung<\/h2>\n<p>Infor\u00adma\u00adtion und Ver\u00admit\u00adtlung von Ange\u00adbo\u00adten rund um das Klos\u00adter Wel\u00adten\u00adburg auf www.kloster-weltenburg.de.<\/p>\n<h2>Erl\u00e4uterungen zur Durchf\u00fchrung der Dienstleistung<\/h2>\n<p>Die Web\u00adsite infor\u00admiert \u00fcber Ges\u00adchichte, Spi\u00adri\u00adtua\u00adlit\u00e4t, Verans\u00adtal\u00adtun\u00adgen, tou\u00adris\u00adtische Ange\u00adbote und Ein\u00adrich\u00adtun\u00adgen des Klos\u00adters und dient als zen\u00adtrale Anlauf\u00adstelle f\u00fcr Besu\u00adcher. Die Dienst\u00adleis\u00adtung wird vor Ort in Wel\u00adten\u00adburg bei Kel\u00adheim sowie online (Buchung\u00adsan\u00adfra\u00adgen f\u00fcr Kir\u00adchenf\u00fch\u00adrun\u00adgen und Besu\u00adcher\u00adzen\u00adtrum) angeboten.<\/p>\n<h2>Stand der Vereinbarkeit mit den Anforderungen<\/h2>\n<p>Die oben genannte Dienst\u00adleis\u00adtung ist nicht mit dem Bar\u00adrie\u00adre\u00adfrei\u00adheitsst\u00e4r\u00adkung\u00adsge\u00adsetz (BFSG) vereinbar.<\/p>\n<p>Fol\u00adgende Teile\/Inhalte\/Funktionen der Dienst\u00adleis\u00adtung sind nicht barrierefrei&nbsp;:<\/p>\n<p>Die Web\u00adsite www.kloster-weltenburg.de wurde bis\u00adlang nicht im Hin\u00adblick auf die Anfor\u00adde\u00adrun\u00adgen der Bar\u00adrie\u00adre\u00adfrei\u00adheit gem\u00e4\u00df der gel\u00adten\u00adden gesetz\u00adli\u00adchen Vor\u00adga\u00adben gepr\u00fcft. Daher k\u00f6n\u00adnen wir der\u00adzeit keine ver\u00adbind\u00adli\u00adchen Anga\u00adben zur voll\u00adst\u00e4n\u00addi\u00adgen Bar\u00adrie\u00adre\u00adfrei\u00adheit der Inhalte und Funk\u00adtio\u00adnen machen.<br>\nSobald eine ents\u00adpre\u00adchende \u00dcber\u00adpr\u00fc\u00adfung erfolgt ist, wer\u00adden wir an die\u00adser Stelle \u00fcber etwaige bes\u00adte\u00adhende Unve\u00adrein\u00adbar\u00adkei\u00adten infor\u00admie\u00adren und gege\u00adbe\u00adnen\u00adfalls Ma\u00df\u00adnah\u00admen zur Ver\u00adbes\u00adse\u00adrung einleiten.<\/p>\n<h3>Barrierefreie Alternativen<\/h3>\n<p>Wenn Sie bar\u00adrie\u00adre\u00adfreie Alter\u00adna\u00adti\u00adven f\u00fcr Ihre nicht bar\u00adrie\u00adre\u00adfreien Inhalte anbie\u00adten, k\u00f6n\u00adnen Sie sie hier angeben&nbsp;:<br>\nTele\u00adfo\u00adnische Aus\u00adkunft unter 09441 204\u20130 oder per E\u2011Mail unter abtei@kloster-weltenburg.de<\/p>\n<h3>Nicht barrierefreie Teile der Dienstleistung \u2013 Umsetzungsfristen<\/h3>\n<p>Da bis\u00adlang keine voll\u00adst\u00e4n\u00addige Pr\u00fc\u00adfung der Web\u00adsite auf Bar\u00adrie\u00adre\u00adfrei\u00adheit erfolgt ist, k\u00f6n\u00adnen aktuell keine kon\u00adkre\u00adten Anga\u00adben dazu gemacht wer\u00adden, welche Teile oder Funk\u00adtio\u00adnen der Dienst\u00adleis\u00adtung nicht bar\u00adrie\u00adre\u00adfrei&nbsp;sind.<br>\nEben\u00adso k\u00f6n\u00adnen zum jet\u00adzi\u00adgen Zeit\u00adpunkt keine ver\u00adbind\u00adli\u00adchen Umset\u00adzung\u00adsfris\u00adten f\u00fcr die Besei\u00adti\u00adgung m\u00f6gli\u00adcher Bar\u00adrie\u00adren genannt werden.<br>\nSobald eine Bewer\u00adtung vor\u00adliegt, wer\u00adden wir diese Anga\u00adben ents\u00adpre\u00adchend erg\u00e4n\u00adzen und ggf. Ma\u00df\u00adnah\u00admen zur Ver\u00adbes\u00adse\u00adrung der Bar\u00adrie\u00adre\u00adfrei\u00adheit einleiten.<\/p>\n<h2>Erstellung der Barrierefreiheitserkl\u00e4rung<\/h2>\n<p>Datum der Ers\u00adtel\u00adlung der Bar\u00adrie\u00adre\u00adfrei\u00adheit\u00adserkl\u00e4\u00adrung&nbsp;: 26.06.2025<br>\nDatum der letz\u00adten \u00dcber\u00adpr\u00fc\u00adfung der o. g. Leis\u00adtun\u00adgen hin\u00adsicht\u00adlich der Anfor\u00adde\u00adrun\u00adgen zur Bar\u00adrie\u00adre\u00adfrei\u00adheit&nbsp;: 26.06.2025<\/p>\n<h2>Einsch\u00e4tzung zum Stand der Barrierefreiheit<\/h2>\n<p>Die Ein\u00adsch\u00e4t\u00adzung zum Stand der Bar\u00adrie\u00adre\u00adfrei\u00adheit beruht auf unse\u00adrer Selbsteinsch\u00e4tzung.<\/p>\n<h2>Feedbackm\u00f6glichkeit und Kontaktangaben<\/h2>\n<p>Adresse&nbsp;:<br>\nBene\u00addik\u00adti\u00adne\u00adrab\u00adtei Wel\u00adten\u00adburg&nbsp;Kd\u00f6R<br>\nAsam\u00adstra\u00dfe 32<br>\n93309 Kelheim<\/p>\n<p>E\u2011Mail&nbsp;: abtei@kloster-weltenburg.de<\/p>\n<p>Tele\u00adfon&nbsp;: +49(0)9441 204\u20130<\/p>\n<p>Link zur Web\u00adsite&nbsp;: <a href=\"http:\/\/www.kloster-weltenburg.de\">http:\/\/www.kloster-weltenburg.de<\/a><\/p>\n","protected":false},"excerpt":{"rendered":"<p>Erkl\u00e4\u00adrung zur Bar\u00adrie\u00adre\u00adfrei\u00adheit f\u00fcr Dienst\u00adleis\u00adtun\u00adgen Im Rah\u00admen unse\u00adrer Bar\u00adrie\u00adre\u00adfrei\u00adheit\u00adserkl\u00e4\u00adrung m\u00f6ch\u00adten wir Ihnen einen \u00dcber\u00adblick \u00fcber den Stand der Verein\u00adbar\u00adkeit der unten bes\u00adchrie\u00adbe\u00adnen Dienstleistung(en) mit den Anfor\u00adde\u00adrun\u00adgen der Bar\u00adrie\u00adre\u00adfrei\u00adheit nach gesetz\u00adli\u00adchen Vor\u00adschrif\u00adten (ins\u00adbe\u00adson\u00addere mit dem Bar\u00adrie\u00adre\u00adfrei\u00adheitsst\u00e4r\u00adkung\u00adsge\u00adsetz \u2013 BFSG)&nbsp;geben. Anga\u00adben zum Dienst\u00adleis\u00adtungs\u00ader\u00adbrin\u00adger Bene\u00addik\u00adti\u00adne\u00adrabte Wel\u00adten\u00adburg&nbsp;Kd\u00f6R Asam\u00adstra\u00dfe 32 93309 Kel\u00adheim Bayern All\u00adge\u00admeine Bes\u00adchrei\u00adbung der Dienst\u00adleis\u00adtung Infor\u00adma\u00adtion und Ver\u00admit\u00adtlung&nbsp;von&nbsp;\u2026&nbsp;<\/p>\n<p class=\"link-more\"><a href=\"https:\/\/www.kloster-weltenburg.de\/fr\/barrierefreiheitserklaerung\/\" class=\"more-link\">Conti\u00adnuer la lec\u00adture<span class=\"screen-reader-text\"> de \u00ab&nbsp;Barrierefreiheitserkl\u00e4rung&nbsp;\u00bb<\/span><\/a><\/p>\n","protected":false},"author":2,"featured_media":0,"parent":0,"menu_order":0,"comment_status":"closed","ping_status":"closed","template":"","meta":{"wp_typography_post_enhancements_disabled":false,"ngg_post_thumbnail":0,"footnotes":""},"class_list":["post-6877","page","type-page","status-publish","hentry"],"_links":{"self":[{"href":"https:\/\/www.kloster-weltenburg.de\/fr\/wp-json\/wp\/v2\/pages\/6877","targetHints":{"allow":["GET"]}}],"collection":[{"href":"https:\/\/www.kloster-weltenburg.de\/fr\/wp-json\/wp\/v2\/pages"}],"about":[{"href":"https:\/\/www.kloster-weltenburg.de\/fr\/wp-json\/wp\/v2\/types\/page"}],"author":[{"embeddable":true,"href":"https:\/\/www.kloster-weltenburg.de\/fr\/wp-json\/wp\/v2\/users\/2"}],"replies":[{"embeddable":true,"href":"https:\/\/www.kloster-weltenburg.de\/fr\/wp-json\/wp\/v2\/comments?post=6877"}],"version-history":[{"count":2,"href":"https:\/\/www.kloster-weltenburg.de\/fr\/wp-json\/wp\/v2\/pages\/6877\/revisions"}],"predecessor-version":[{"id":6880,"href":"https:\/\/www.kloster-weltenburg.de\/fr\/wp-json\/wp\/v2\/pages\/6877\/revisions\/6880"}],"wp:attachment":[{"href":"https:\/\/www.kloster-weltenburg.de\/fr\/wp-json\/wp\/v2\/media?parent=6877"}],"curies":[{"name":"wp","href":"https:\/\/api.w.org\/{rel}","templated":true}]}}