{"id":5688,"date":"2022-03-29T16:31:03","date_gmt":"2022-03-29T14:31:03","guid":{"rendered":"https:\/\/www.kloster-weltenburg.de\/?page_id=5688"},"modified":"2022-03-29T17:03:51","modified_gmt":"2022-03-29T15:03:51","slug":"kuppelbild","status":"publish","type":"page","link":"https:\/\/www.kloster-weltenburg.de\/it\/kloster-kirche\/kirche\/kuppelbild\/","title":{"rendered":"Kuppelbild"},"content":{"rendered":"<p style=\"text-align: justify;\">Vom westli\u00adchen Brenn\u00adpunkt der Haup\u00adtrau\u00admel\u00adlip\u00adse aus bie\u00adtet sich die lich\u00adter\u00adf\u00fcll\u00adte, im Drei\u00adklang von Blau, Gold\/Ocker und Rot aufleu\u00adch\u00adten\u00adde (Fresko\u2011, Kalk- und Sec\u00adco-) Male\u00adrei an der Dec\u00adke der \u00e4u\u00dfe\u00adren Kup\u00adpel per\u00adspek\u00adti\u00advi\u00adsch rich\u00adtig dar. Aller\u00addings f\u00fchrt der eigen\u00adge\u00adse\u00adtz\u00adlich krei\u00adsrun\u00adde S\u00e4u\u00adlen\u00adtem\u00adpel, der die Kom\u00adpo\u00adsi\u00adtion des Dec\u00adken\u00adbil\u00addes zusam\u00adme\u00adn\u00adh\u00e4lt, die Kir\u00adche\u00adnar\u00adchi\u00adtek\u00adtur nicht barock-illu\u00adsio\u00adni\u00adsti\u00adsch fort. Der Fu\u00df\u00adpunkt des Monop\u00adte\u00adros bleibt ver\u00addeckt, was den Ein\u00addruck des Sch\u00adwe\u00adbens zur Fol\u00adge hat. Zwi\u00adschen dem d\u00e4m\u00adme\u00adri\u00adgen, rea\u00adlen Raum unten und der davon durch den rah\u00adme\u00adnar\u00adti\u00adgen Rand der Kup\u00adpe\u00adl\u00f6ff\u00adnung getrenn\u00adten, lich\u00adten Him\u00admels\u00adsph\u00e4\u00adre oben ver\u00admit\u00adtelt ein Kron\u00adreif aus Holz (ein Bild f\u00fcr die an der Him\u00admel\u00adst\u00fcr zu erwar\u00adten\u00adden Kro\u00adne des Lebens), der von Engeln am Kup\u00adpe\u00adlaus\u00adsch\u00adnitt gehal\u00adten wird. Inmit\u00adten die\u00adser Engel\u00adco\u00adro\u00adna beugt sich auf der S\u00fcd\u00adsei\u00adte l\u00e4chelnd die von sei\u00adnem Bru\u00adder geschaf\u00adfe\u00adne Stuc\u00adk\u00adb\u00fc\u00adste C.D. Asams herab, der sich in der Signa\u00adtur von 1721 schr\u00e4g dahin\u00adter als Maler des Dec\u00adken\u00adbilds und Archi\u00adtekt des Kir\u00adchen\u00adraums verewigt hat.<\/p>\n<p style=\"text-align: justify;\">Das The\u00adma des figu\u00adren\u00adrei\u00adchen, mit der Monop\u00adte\u00adro\u00adskup\u00adpel gold\u00adgrun\u00addar\u00adtig hin\u00adter\u00adleg\u00adten Dec\u00adken\u00adge\u00adm\u00e4l\u00addes ist die Ver\u00adsamm\u00adlung aller Hei\u00adli\u00adgen um den Wol\u00adken\u00adth\u00adron Got\u00adtes. \u00dcber der Per\u00adso\u00adni\u00adfi\u00adka\u00adtion der Eccle\u00adsia trium\u00adphans obe\u00adrhalb des Pre\u00adsby\u00adte\u00adrium\u00adsbo\u00adgens baut sich vom sie\u00adgrei\u00adchen hl. Georg (der glei\u00adch\u00adsam aus dem Hochal\u00adtar hie\u00adrher entr\u00fcckt ist) \u00fcber die dem\u00fc\u00adtig ihrer Kr\u00f6\u00adnung har\u00adren\u00adden Got\u00adte\u00adsmut\u00adter zur Bild\u00admit\u00adte, der Hei\u00adlig\u00adsten Drei\u00adfal\u00adti\u00adg\u00adkeit, hin eine Hie\u00adrar\u00adchie auf. Daran rei\u00adht sich am Nor\u00addrand des Fre\u00adskos, vom hl. Petrus ange\u00adf\u00fchrt, die Schar der Apo\u00adstel, unter ihnen auch der hl. Rupert als Apo\u00adstel der Baiern, denen er das Alt\u00f6t\u00adtin\u00adger und das Welt\u00aden\u00adbur\u00adger Marien-Gna\u00adden\u00adbild gebra\u00adcht haben soll. Daran anschlie\u00dfend ist der Erzen\u00adgel Gabriel zu sehen, der dem Prie\u00adster Zacha\u00adrias und des\u00adsen Gema\u00adhlin Eli\u00adsa\u00adbeth die Geburt ihres Soh\u00adnes Johan\u00adnes des T\u00e4u\u00adfers verhei\u00dft. Auch die Eltern Mariens, Joa\u00adchim und Anna, und ihr Br\u00e4u\u00adti\u00adgam Josef geh\u00f6\u00adren zur Hei\u00adli\u00adgen Sip\u00adpe, die zum Geschle\u00adcht K\u00f6nig Davids z\u00e4hlt. Die\u00adser kon\u00adzer\u00adtiert nebe\u00adnan zusam\u00admen mit der hl. C\u00e4ci\u00adlia, der Patro\u00adnin der Kir\u00adchen\u00admu\u00adsik; bei\u00adde neh\u00admen Bezug auf den an die\u00adser Sei\u00adte pla\u00adtzier\u00adten Psal\u00adlier\u00adchor und die Orgel. \u00c4hn\u00adli\u00adches gilt f\u00fcr die b\u00fc\u00dfen\u00adde hl. Maria Mag\u00adda\u00adle\u00adna und den Geri\u00adch\u00adtsen\u00adgel der Apo\u00adka\u00adlyp\u00adse dar\u00fc\u00adber, die zum The\u00admen\u00adkreis der Vorhal\u00adle \u00fcberleiten.<\/p>\n<p style=\"text-align: justify;\">Auf der S\u00fcd\u00adsei\u00adte, wie\u00adder von vor nebe\u00adgin\u00adnend, erkennt man \u2013 dem hl. Petrus als dem Fun\u00adda\u00adment der Kir\u00adche genau gege\u00adn\u00fc\u00adber \u2013 den hl. Orden\u00adsgr\u00fcn\u00adder Bene\u00addikt mit sei\u00adner Sch\u00adwe\u00adster Scho\u00adla\u00adsti\u00adka. Unter sei\u00adnem Schu\u00adtz folgt Bau\u00adherr Abt Mau\u00adrus B\u00e4chl mit dem Welt\u00aden\u00adbur\u00adger Kon\u00advent. Zwi\u00adschen die\u00adser Grup\u00adpe und dem Kon\u00adkir\u00adchen\u00adpa\u00adtron St. Mar\u00adtin von Tours erscheint ein Genius mit den Gesi\u00adch\u00adtsz\u00fc\u00adgen E.Q. Asams \u2013 in n\u00e4ch\u00adster N\u00e4he zur Stuc\u00adk\u00adb\u00fc\u00adste sei\u00adnes Bru\u00adders. Es fol\u00adgen der Regen\u00adsbur\u00adger Bistum\u00adspa\u00adtron, der hl. Wol\u00adfgang, und das hl. Gesch\u00adwi\u00adster\u00adpaar Pla\u00adci\u00addus und Fla\u00advia, alle Ange\u00adh\u00f6\u00adri\u00adge des Bene\u00addik\u00adti\u00adne\u00adror\u00addens. Den Schluss bil\u00addet eine dicht\u00adge\u00addr\u00e4ng\u00adte Schar jubi\u00adlie\u00adren\u00adder wei\u00adbli\u00adcher Hei\u00adli\u00adger, darun\u00adter beson\u00adders her\u00advor\u00adge\u00adho\u00adben&nbsp;die<br>\nhll. Hele\u00adna, Ursu\u00adla, Bar\u00adba\u00adra und Katharina<\/p>\n","protected":false},"excerpt":{"rendered":"<p>Vom westli\u00adchen Brenn\u00adpunkt der Haup\u00adtrau\u00admel\u00adlip\u00adse aus bie\u00adtet sich die lich\u00adter\u00adf\u00fcll\u00adte, im Drei\u00adklang von Blau, Gold\/Ocker und Rot aufleu\u00adch\u00adten\u00adde (Fresko\u2011, Kalk- und Sec\u00ad\u00adco-) Male\u00adrei an der Dec\u00adke der \u00e4u\u00dfe\u00adren Kup\u00adpel per\u00adspek\u00adti\u00advi\u00adsch rich\u00adtig dar. Aller\u00addings f\u00fchrt der eigen\u00adge\u00adse\u00adtz\u00adlich krei\u00adsrun\u00adde S\u00e4u\u00adlen\u00adtem\u00adpel, der die Kom\u00adpo\u00adsi\u00adtion des Dec\u00adken\u00adbil\u00addes zusam\u00adme\u00adn\u00adh\u00e4lt, die Kir\u00adche\u00adnar\u00adchi\u00adtek\u00adtur nicht barock-illu\u00ad\u00adsio\u00ad\u00adni\u00ad\u00adsti\u00ad\u00adsch fort. Der Fu\u00df\u00adpunkt des Monop\u00adte\u00adros bleibt verdeckt,&nbsp;\u2026&nbsp;<\/p>\n<p class=\"link-more\"><a href=\"https:\/\/www.kloster-weltenburg.de\/it\/kloster-kirche\/kirche\/kuppelbild\/\" class=\"more-link\">Leg\u00adgi tut\u00adto<span class=\"screen-reader-text\"> \u201cKup\u00adpel\u00adbild\u201d<\/span><\/a><\/p>\n","protected":false},"author":2,"featured_media":5585,"parent":58,"menu_order":2,"comment_status":"closed","ping_status":"closed","template":"","meta":{"wp_typography_post_enhancements_disabled":false,"ngg_post_thumbnail":0,"footnotes":""},"class_list":["post-5688","page","type-page","status-publish","has-post-thumbnail","hentry"],"_links":{"self":[{"href":"https:\/\/www.kloster-weltenburg.de\/it\/wp-json\/wp\/v2\/pages\/5688","targetHints":{"allow":["GET"]}}],"collection":[{"href":"https:\/\/www.kloster-weltenburg.de\/it\/wp-json\/wp\/v2\/pages"}],"about":[{"href":"https:\/\/www.kloster-weltenburg.de\/it\/wp-json\/wp\/v2\/types\/page"}],"author":[{"embeddable":true,"href":"https:\/\/www.kloster-weltenburg.de\/it\/wp-json\/wp\/v2\/users\/2"}],"replies":[{"embeddable":true,"href":"https:\/\/www.kloster-weltenburg.de\/it\/wp-json\/wp\/v2\/comments?post=5688"}],"version-history":[{"count":4,"href":"https:\/\/www.kloster-weltenburg.de\/it\/wp-json\/wp\/v2\/pages\/5688\/revisions"}],"predecessor-version":[{"id":5712,"href":"https:\/\/www.kloster-weltenburg.de\/it\/wp-json\/wp\/v2\/pages\/5688\/revisions\/5712"}],"up":[{"embeddable":true,"href":"https:\/\/www.kloster-weltenburg.de\/it\/wp-json\/wp\/v2\/pages\/58"}],"wp:featuredmedia":[{"embeddable":true,"href":"https:\/\/www.kloster-weltenburg.de\/it\/wp-json\/wp\/v2\/media\/5585"}],"wp:attachment":[{"href":"https:\/\/www.kloster-weltenburg.de\/it\/wp-json\/wp\/v2\/media?parent=5688"}],"curies":[{"name":"wp","href":"https:\/\/api.w.org\/{rel}","templated":true}]}}