{"id":6877,"date":"2025-06-26T16:55:50","date_gmt":"2025-06-26T14:55:50","guid":{"rendered":"https:\/\/www.kloster-weltenburg.de\/?page_id=6877"},"modified":"2025-06-26T17:04:23","modified_gmt":"2025-06-26T15:04:23","slug":"barrierefreiheitserklaerung","status":"publish","type":"page","link":"https:\/\/www.kloster-weltenburg.de\/it\/barrierefreiheitserklaerung\/","title":{"rendered":"Barrierefreiheitserkl\u00e4rung"},"content":{"rendered":"<h1>Erkl\u00e4rung zur Barrierefreiheit f\u00fcr Dienstleistungen<\/h1>\n<p>Im Rah\u00admen unse\u00adrer Bar\u00adrie\u00adre\u00adfrei\u00adhei\u00adtser\u00adkl\u00e4\u00adrung m\u00f6ch\u00adten wir Ihnen einen \u00dcber\u00adblick \u00fcber den Stand der Verein\u00adbar\u00adkeit der unten beschrie\u00adbe\u00adnen Dienstleistung(en) mit den Anfor\u00adde\u00adrun\u00adgen der Bar\u00adrie\u00adre\u00adfrei\u00adheit nach gese\u00adtz\u00adli\u00adchen Vor\u00adschrif\u00adten (insbe\u00adson\u00adde\u00adre mit dem Bar\u00adrie\u00adre\u00adfrei\u00adhei\u00adts\u00adst\u00e4r\u00adkung\u00adsge\u00adse\u00adtz \u2013 BFSG)&nbsp;geben.<\/p>\n<h2>Angaben zum Dienstleistungserbringer<\/h2>\n<p>Bene\u00addik\u00adti\u00adne\u00adrab\u00adte Welt\u00aden\u00adburg&nbsp;Kd\u00f6R<br>\nAsam\u00adstra\u00dfe 32<br>\n93309 Kelheim<br>\nBayern<\/p>\n<h2>Allgemeine Beschreibung der Dienstleistung<\/h2>\n<p>Infor\u00adma\u00adtion und Ver\u00admit\u00adtlung von Ange\u00adbo\u00adten rund um das Klo\u00adster Welt\u00aden\u00adburg auf www.kloster-weltenburg.de.<\/p>\n<h2>Erl\u00e4uterungen zur Durchf\u00fchrung der Dienstleistung<\/h2>\n<p>Die Web\u00adsi\u00adte infor\u00admiert \u00fcber Geschi\u00adch\u00adte, Spi\u00adri\u00adtua\u00adli\u00adt\u00e4t, Veran\u00adstal\u00adtun\u00adgen, tou\u00adri\u00adsti\u00adsche Ange\u00adbo\u00adte und Ein\u00adri\u00adch\u00adtun\u00adgen des Klo\u00adsters und dient als zen\u00adtra\u00adle Anlauf\u00adstel\u00adle f\u00fcr Besu\u00adcher. Die Dien\u00adstlei\u00adstung wird vor Ort in Welt\u00aden\u00adburg bei Kelheim sowie onli\u00adne (Buchung\u00adsan\u00adfra\u00adgen f\u00fcr Kir\u00adchen\u00adf\u00fch\u00adrun\u00adgen und Besu\u00adcher\u00adzen\u00adtrum) angeboten.<\/p>\n<h2>Stand der Vereinbarkeit mit den Anforderungen<\/h2>\n<p>Die oben genann\u00adte Dien\u00adstlei\u00adstung ist nicht mit dem Bar\u00adrie\u00adre\u00adfrei\u00adhei\u00adts\u00adst\u00e4r\u00adkung\u00adsge\u00adse\u00adtz (BFSG) vereinbar.<\/p>\n<p>Fol\u00adgen\u00adde Teile\/Inhalte\/Funktionen der Dien\u00adstlei\u00adstung sind nicht barrierefrei:<\/p>\n<p>Die Web\u00adsi\u00adte www.kloster-weltenburg.de wur\u00adde bislang nicht im Hin\u00adblick auf die Anfor\u00adde\u00adrun\u00adgen der Bar\u00adrie\u00adre\u00adfrei\u00adheit gem\u00e4\u00df der gel\u00adten\u00adden gese\u00adtz\u00adli\u00adchen Vor\u00adga\u00adben gepr\u00fcft. Daher k\u00f6n\u00adnen wir der\u00adzeit kei\u00adne ver\u00adbind\u00adli\u00adchen Anga\u00adben zur voll\u00adst\u00e4n\u00addi\u00adgen Bar\u00adrie\u00adre\u00adfrei\u00adheit der Inhal\u00adte und Funk\u00adtio\u00adnen machen.<br>\nSobald eine entspre\u00adchen\u00adde \u00dcber\u00adpr\u00fc\u00adfung erfolgt ist, wer\u00adden wir an die\u00adser Stel\u00adle \u00fcber etwai\u00adge beste\u00adhen\u00adde Unve\u00adrein\u00adbar\u00adkei\u00adten infor\u00admie\u00adren und gege\u00adbe\u00adnen\u00adfalls Ma\u00df\u00adnah\u00admen zur Ver\u00adbes\u00adse\u00adrung einleiten.<\/p>\n<h3>Barrierefreie Alternativen<\/h3>\n<p>Wenn Sie bar\u00adrie\u00adre\u00adfreie Alter\u00adna\u00adti\u00adven f\u00fcr Ihre nicht bar\u00adrie\u00adre\u00adfreien Inhal\u00adte anbie\u00adten, k\u00f6n\u00adnen Sie sie hier angeben:<br>\nTele\u00adfo\u00adni\u00adsche Auskunft unter 09441 204\u20130 oder per E\u2011Mail unter abtei@kloster-weltenburg.de<\/p>\n<h3>Nicht barrierefreie Teile der Dienstleistung \u2014 Umsetzungsfristen<\/h3>\n<p>Da bislang kei\u00adne voll\u00adst\u00e4n\u00addi\u00adge Pr\u00fc\u00adfung der Web\u00adsi\u00adte auf Bar\u00adrie\u00adre\u00adfrei\u00adheit erfolgt ist, k\u00f6n\u00adnen aktuell kei\u00adne kon\u00adkre\u00adten Anga\u00adben dazu gema\u00adcht wer\u00adden, wel\u00adche Tei\u00adle oder Funk\u00adtio\u00adnen der Dien\u00adstlei\u00adstung nicht bar\u00adrie\u00adre\u00adfrei&nbsp;sind.<br>\nEben\u00adso k\u00f6n\u00adnen zum jetzi\u00adgen Zeit\u00adpunkt kei\u00adne ver\u00adbind\u00adli\u00adchen Umse\u00adtzung\u00adsfri\u00adsten f\u00fcr die Besei\u00adti\u00adgung m\u00f6gli\u00adcher Bar\u00adrie\u00adren genannt werden.<br>\nSobald eine Bewer\u00adtung vor\u00adliegt, wer\u00adden wir die\u00adse Anga\u00adben entspre\u00adchend erg\u00e4n\u00adzen und ggf. Ma\u00df\u00adnah\u00admen zur Ver\u00adbes\u00adse\u00adrung der Bar\u00adrie\u00adre\u00adfrei\u00adheit einleiten.<\/p>\n<h2>Erstellung der Barrierefreiheitserkl\u00e4rung<\/h2>\n<p>Datum der Erstel\u00adlung der Bar\u00adrie\u00adre\u00adfrei\u00adhei\u00adtser\u00adkl\u00e4\u00adrung: 26.06.2025<br>\nDatum der letz\u00adten \u00dcber\u00adpr\u00fc\u00adfung der o. g. Lei\u00adstun\u00adgen hin\u00adsi\u00adch\u00adtlich der Anfor\u00adde\u00adrun\u00adgen zur Bar\u00adrie\u00adre\u00adfrei\u00adheit: 26.06.2025<\/p>\n<h2>Einsch\u00e4tzung zum Stand der Barrierefreiheit<\/h2>\n<p>Die Ein\u00adsch\u00e4\u00adtzung zum Stand der Bar\u00adrie\u00adre\u00adfrei\u00adheit beru\u00adht auf unse\u00adrer Selbsteinsch\u00e4tzung.<\/p>\n<h2>Feedbackm\u00f6glichkeit und Kontaktangaben<\/h2>\n<p>Adres\u00adse:<br>\nBene\u00addik\u00adti\u00adne\u00adrab\u00adtei Welt\u00aden\u00adburg&nbsp;Kd\u00f6R<br>\nAsam\u00adstra\u00dfe 32<br>\n93309 Kelheim<\/p>\n<p>E\u2011Mail: abtei@kloster-weltenburg.de<\/p>\n<p>Tele\u00adfon: +49(0)9441 204\u20130<\/p>\n<p>Link zur Web\u00adsi\u00adte: <a href=\"http:\/\/www.kloster-weltenburg.de\">http:\/\/www.kloster-weltenburg.de<\/a><\/p>\n","protected":false},"excerpt":{"rendered":"<p>Erkl\u00e4\u00adrung zur Bar\u00adrie\u00adre\u00adfrei\u00adheit f\u00fcr Dien\u00adstlei\u00adstun\u00adgen Im Rah\u00admen unse\u00adrer Bar\u00adrie\u00adre\u00adfrei\u00adhei\u00adtser\u00adkl\u00e4\u00adrung m\u00f6ch\u00adten wir Ihnen einen \u00dcber\u00adblick \u00fcber den Stand der Verein\u00adbar\u00adkeit der unten beschrie\u00adbe\u00adnen Dienstleistung(en) mit den Anfor\u00adde\u00adrun\u00adgen der Bar\u00adrie\u00adre\u00adfrei\u00adheit nach gese\u00adtz\u00adli\u00adchen Vor\u00adschrif\u00adten (insbe\u00adson\u00adde\u00adre mit dem Bar\u00adrie\u00adre\u00adfrei\u00adhei\u00adts\u00adst\u00e4r\u00adkung\u00adsge\u00adse\u00adtz \u2013 BFSG)&nbsp;geben. Anga\u00adben zum Dien\u00adstlei\u00adstung\u00adser\u00adbrin\u00adger Bene\u00addik\u00adti\u00adne\u00adrab\u00adte Welt\u00aden\u00adburg&nbsp;Kd\u00f6R Asam\u00adstra\u00dfe 32 93309 Kelheim Bayern All\u00adge\u00admei\u00adne Beschrei\u00adbung der Dien\u00adstlei\u00adstung Infor\u00adma\u00adtion und Ver\u00admit\u00adtlung&nbsp;von&nbsp;\u2026&nbsp;<\/p>\n<p class=\"link-more\"><a href=\"https:\/\/www.kloster-weltenburg.de\/it\/barrierefreiheitserklaerung\/\" class=\"more-link\">Leg\u00adgi tut\u00adto<span class=\"screen-reader-text\"> \u201cBar\u00adrie\u00adre\u00adfrei\u00adhei\u00adtser\u00adkl\u00e4\u00adrung\u201d<\/span><\/a><\/p>\n","protected":false},"author":2,"featured_media":0,"parent":0,"menu_order":0,"comment_status":"closed","ping_status":"closed","template":"","meta":{"wp_typography_post_enhancements_disabled":false,"ngg_post_thumbnail":0,"footnotes":""},"class_list":["post-6877","page","type-page","status-publish","hentry"],"_links":{"self":[{"href":"https:\/\/www.kloster-weltenburg.de\/it\/wp-json\/wp\/v2\/pages\/6877","targetHints":{"allow":["GET"]}}],"collection":[{"href":"https:\/\/www.kloster-weltenburg.de\/it\/wp-json\/wp\/v2\/pages"}],"about":[{"href":"https:\/\/www.kloster-weltenburg.de\/it\/wp-json\/wp\/v2\/types\/page"}],"author":[{"embeddable":true,"href":"https:\/\/www.kloster-weltenburg.de\/it\/wp-json\/wp\/v2\/users\/2"}],"replies":[{"embeddable":true,"href":"https:\/\/www.kloster-weltenburg.de\/it\/wp-json\/wp\/v2\/comments?post=6877"}],"version-history":[{"count":2,"href":"https:\/\/www.kloster-weltenburg.de\/it\/wp-json\/wp\/v2\/pages\/6877\/revisions"}],"predecessor-version":[{"id":6880,"href":"https:\/\/www.kloster-weltenburg.de\/it\/wp-json\/wp\/v2\/pages\/6877\/revisions\/6880"}],"wp:attachment":[{"href":"https:\/\/www.kloster-weltenburg.de\/it\/wp-json\/wp\/v2\/media?parent=6877"}],"curies":[{"name":"wp","href":"https:\/\/api.w.org\/{rel}","templated":true}]}}