{"id":78,"date":"2020-06-02T08:45:15","date_gmt":"2020-06-02T06:45:15","guid":{"rendered":"http:\/\/abtei.kloster-weltenburg.de\/?page_id=78"},"modified":"2026-03-24T09:26:29","modified_gmt":"2026-03-24T08:26:29","slug":"klosterladen","status":"publish","type":"page","link":"https:\/\/www.kloster-weltenburg.de\/it\/klosterladen\/","title":{"rendered":"Klosterladen"},"content":{"rendered":"<div class=\"inhalt\">\n<div class=\"inhaltmain\">\n<div class=\"inhaltmain_ganz\">\n<h2 style=\"text-align: justify;\"><strong>Herzlich Willkommen im Klosterladen der Benediktinerabtei St. Georg Weltenburg!<\/strong><\/h2>\n<p style=\"text-align: justify;\">In unse\u00adrem Klo\u00adster\u00adla\u00adden direkt neben der Abtei\u00adkir\u00adche bie\u00adten wir Ihnen eine Auswa\u00adhl ver\u00adschie\u00adde\u00adner Artikel:<\/p>\n<ul style=\"text-align: justify;\">\n<li>Bibe\u00adlau\u00adsga\u00adben<\/li>\n<li>gei\u00adstlich-theo\u00adlo\u00adgi\u00adsche Literatur<\/li>\n<li>Bild\u00adb\u00e4n\u00adde<\/li>\n<li>Kin\u00adder- und Jugendb\u00fccher<\/li>\n<li>Geschen\u00adk\u00adb\u00fc\u00adcher<\/li>\n<li>Geschenk- und Gl\u00fcckwunschkarten<\/li>\n<li>Ansi\u00adch\u00adtskar\u00adten<\/li>\n<li>Rosen\u00adkr\u00e4n\u00adze<\/li>\n<li>Holz\u00adsch\u00adni\u00adtze\u00adreien, Iko\u00adnen, Bron\u00adze\u00adkun\u00adst und wei\u00adte\u00adre reli\u00adgi\u00f6\u00adse Kunstartikel<\/li>\n<li>Ker\u00adzen f\u00fcr die ver\u00adschie\u00adden\u00adsten Anl\u00e4s\u00adse: Tauf- und Hoch\u00adzei\u00adtsker\u00adzen, Sch\u00admuck\u00adker\u00adzen in Han\u00addar\u00adbeit gefertigt<\/li>\n<li>reli\u00adgi\u00f6\u00adser Sch\u00admuck aus Sil\u00adber, Gold, Edel\u00adsta\u00adhl und ande\u00adren Materialien<\/li>\n<li>Weih\u00adrauch<\/li>\n<li>Bie\u00adre der Klo\u00adster\u00adbraue\u00adrei Welt\u00aden\u00adburg mit den pas\u00adsen\u00adden Gl\u00e4\u00adsern, Kr\u00fc\u00adgen&nbsp;usw.<\/li>\n<li>Welt\u00aden\u00adbur\u00adger Klo\u00adster\u00adli\u00adk\u00f6r und Klo\u00adster\u00adbit\u00adter und ande\u00adre kl\u00f6\u00adster\u00adli\u00adche Destillate<\/li>\n<li>Sou\u00adve\u00adnirs<\/li>\n<li>und vie\u00adles&nbsp;mehr<\/li>\n<\/ul>\n<p style=\"text-align: justify;\">Wir freuen uns, Sie in unse\u00adrem Klo\u00adster\u00adla\u00adden begr\u00fc\u00dfen zu d\u00fcrfen.<\/p>\n<p style=\"text-align: justify;\">P. Lukas M. Stei\u00adne\u00adbrun\u00adner OSB und&nbsp;Team.<\/p>\n<\/div>\n<p>&nbsp;<\/p>\n<p style=\"text-align: justify;\"><strong><img loading=\"lazy\" decoding=\"async\" class=\"size-full wp-image-5106 alignleft\" src=\"https:\/\/www.kloster-weltenburg.de\/wp-content\/uploads\/2020\/08\/grosserKunstfuehrer.jpg\" alt width=\"213\" height=\"300\">Bene\u00addik\u00adti\u00adne\u00adrab\u00adtei Welt\u00aden\u00adburg Geschi\u00adch\u00adte und&nbsp;Kunst<\/strong><\/p>\n<div style=\"text-align: justify;\">Lothar Alt\u00admann, Ste\u00adpha\u00adnie Haar\u00adl\u00e4n\u00adder, Tho\u00admas M. Frei\u00adhart&nbsp;OSB<br>\nRegen\u00adsburg 2019. Klap\u00adpen\u00adbro\u00adschur, 17x24 cm. 96 Seiten<br>\nmit 67 farb. Illu\u00adstra\u00adtio\u00adnen, 1 s\/2 Illu\u00adstra\u00adtion, 1 Grun\u00addriss, 1 Aufriss<\/div>\n<div style=\"text-align: justify;\">&nbsp;<\/div>\n<p style=\"text-align: justify;\">Das altehr\u00adw\u00fcr\u00addi\u00adge Bene\u00addik\u00adti\u00adner\u00adklo\u00adster Welt\u00aden\u00adburg am Beginn des wil\u00addro\u00adman\u00adti\u00adschen Durch\u00adbru\u00adchs der Donau durch den Fr\u00e4n\u00adki\u00adschen Jura ver\u00addankt sei\u00adnen heu\u00adti\u00adgen Ruf vor allem sei\u00adner Barock\u00adkir\u00adche von euro\u00adp\u00e4i\u00adschem Rang. Der Maler und Archi\u00adtekt Cosmas Damian Asam (1688\u20131739), der den Bau gestal\u00adte\u00adte, und sein Bru\u00adder Egid Qui\u00adrin (1692\u20131750), der hier als Bil\u00add\u00adhauer und Stuc\u00adka\u00adtor wirk\u00adte, stat\u00adte\u00adten die Kir\u00adche zu einem baroc\u00adken Gesam\u00adt\u00adkun\u00adst\u00adwerk&nbsp;aus.<\/p>\n<p style=\"text-align: justify;\">Die Mit\u00adte\u00adlal\u00adte\u00adrhi\u00adsto\u00adri\u00adke\u00adrin Dr. Ste\u00adpha\u00adnie Haar\u00adl\u00e4n\u00adder bringt Licht in die sage\u00adnum\u00adwo\u00adbe\u00adne Fr\u00fc\u00adh\u00adge\u00adschi\u00adch\u00adte des Klo\u00adsters und skiz\u00adziert des\u00adsen Histo\u00adrie bis zur Gege\u00adn\u00adwart. Der Kun\u00adsthi\u00adsto\u00adri\u00adker Dr. Lothar Alt\u00admann refe\u00adriert die Bau- und Aus\u00adstat\u00adtung\u00adsge\u00adschi\u00adch\u00adte von Klo\u00adster und Kir\u00adche, beschreibt die Lage und Anla\u00adge des Klo\u00adsters und erl\u00e4u\u00adtert die Archi\u00adtek\u00adtur sowie Aus\u00adstat\u00adtung der Asam-Kir\u00adche. Ein Exkurs ist auch der Wall\u00adfahrts\u00adkir\u00adche U. L. Frau auf dem Frauen\u00adberg gewid\u00admet. Das bene\u00addik\u00adti\u00adni\u00adsche Leben in Welt\u00aden\u00adburg heu\u00adte stellt Abt Tho\u00admas M. Frei\u00adhart OSB vor. Kurz\u00adbio\u00adgra\u00adfien der in Welt\u00aden\u00adburg t\u00e4ti\u00adgen K\u00fcn\u00adstler und Hand\u00adwer\u00adker sowie umfan\u00adgrei\u00adche Lite\u00adra\u00adtu\u00adrhi\u00adn\u00adwei\u00adse run\u00adden den reich bebil\u00adder\u00adten Band ab. Die Fotos fer\u00adtig\u00adte der bekann\u00adte M\u00fcnch\u00adner Foto\u00adgraf Achim Bunz neu&nbsp;an.<\/p>\n<p>ISBN 978\u20133\u20117954\u201343460\u20111<br>\nISBN 978\u20133\u20117954\u201343441\u20110 englische<\/p>\n<p><strong>EUR 9,95<\/strong><\/p>\n<div class=\"wp-block-spacer\" style=\"text-align: justify;\" aria-hidden=\"true\">&nbsp;<\/div>\n<p style=\"text-align: justify;\"><b><img loading=\"lazy\" decoding=\"async\" class=\"size-medium wp-image-5062 alignright\" src=\"https:\/\/www.kloster-weltenburg.de\/wp-content\/uploads\/2020\/08\/ChronikKlosterWeltenburg-300x279.jpg\" alt width=\"300\" height=\"279\" srcset=\"https:\/\/www.kloster-weltenburg.de\/wp-content\/uploads\/2020\/08\/ChronikKlosterWeltenburg-300x279.jpg 300w, https:\/\/www.kloster-weltenburg.de\/wp-content\/uploads\/2020\/08\/ChronikKlosterWeltenburg-350x326.jpg 350w, https:\/\/www.kloster-weltenburg.de\/wp-content\/uploads\/2020\/08\/ChronikKlosterWeltenburg.jpg 640w\" sizes=\"auto, (max-width: 300px) 100vw, 300px\">Klo\u00adster W<\/b><b>elten\u00adburg&nbsp;&nbsp;&nbsp;&nbsp;&nbsp;&nbsp;&nbsp;&nbsp;&nbsp;&nbsp;&nbsp;&nbsp;&nbsp;&nbsp;&nbsp;&nbsp;&nbsp;&nbsp;&nbsp;&nbsp;&nbsp;&nbsp;&nbsp;&nbsp; <br>\n<\/b>Geschi\u00adch\u00adte und Gegenwart<\/p>\n<p class=\"mini\" style=\"text-align: justify;\">Hrsg. Georg Schwaiger<br>\nWei\u00dfe\u00adn\u00adhorn 2014. Lei\u00adnen mit Schu\u00adtzum\u00adschlag. 21,5x22,5 cm. 528 Seiten<br>\nmit 248 gro\u00df\u00adteils far\u00adbi\u00adgen Tafelabbildungen.<\/p>\n<p>&nbsp;<\/p>\n<p class=\"mini\" style=\"text-align: justify;\">ISBN 978\u20133\u201187437\u2013472\u20119<\/p>\n<p class=\"mini\" style=\"text-align: justify;\"><strong>EUR 29,90<\/strong><\/p>\n<div class=\"wp-block-spacer\" style=\"text-align: justify;\" aria-hidden=\"true\">&nbsp;<\/div>\n<p style=\"text-align: justify;\"><strong>Kaf\u00adfee und Espresso<br>\n<\/strong><\/p>\n<p style=\"text-align: justify;\">In den Gastst\u00e4t\u00adten der Welt\u00aden\u00adbru\u00adger Klo\u00adster\u00adbe\u00adtrie\u00adbe GmbH ser\u00advie\u00adren wir Kaf\u00adfee\u00adspe\u00adzia\u00adli\u00adt\u00e4\u00adten aus dem Hau\u00adse Dinz\u00adler. Damit Sie etwas von die\u00adsem Kaf\u00adfee\u00adge\u00adnuss der Spi\u00adtzen\u00adqua\u00adli\u00adt\u00e4t mit nach Hau\u00adse neh\u00admen oder auch Ihren Freun\u00adden und Bekann\u00adten mit\u00adbrin\u00adgen k\u00f6n\u00adnen, bie\u00adten wir Ihnen sowo\u00adhl die Espres\u00adso- wie auch die Kaf\u00adfee\u00admi\u00adschung in unse\u00adrem Klo\u00adster\u00adla\u00adden&nbsp;an.<\/p>\n<div class=\"wp-block-spacer\" style=\"text-align: justify;\" aria-hidden=\"true\">&nbsp;<\/div>\n<p style=\"text-align: justify;\"><strong><img loading=\"lazy\" decoding=\"async\" class=\"size-full wp-image-5028 alignleft\" src=\"https:\/\/www.kloster-weltenburg.de\/wp-content\/uploads\/2020\/06\/Espresso-300x286-1.jpg\" alt width=\"300\" height=\"286\">Espres\u00adso<\/strong><\/p>\n<p style=\"text-align: justify;\"><em>Erh\u00e4l\u00adtlich als gan\u00adze Boh\u00adne oder auch gemahlen.<\/em><\/p>\n<p style=\"text-align: justify;\"><strong>250 g l EUR 8,90<\/strong><\/p>\n<p style=\"text-align: justify;\">F\u00fcr den von uns ser\u00advier\u00adten Espres\u00adso wur\u00adden Ara\u00adbi\u00adca-Boh\u00adnen aus S\u00fcd- und Zen\u00adtra\u00adla\u00adme\u00adri\u00adka mit afri\u00adka\u00adni\u00adschen Spi\u00adtzen\u00adkaf\u00adfees kom\u00adbi\u00adniert. Stark im Aro\u00adma und kr\u00e4f\u00adtig im Gesch\u00admack k\u00fcr\u00adte das Maga\u00adzin <i>Der Fein\u00adsch\u00admec\u00adker<\/i> die\u00adse au\u00dfer\u00adgew\u00f6hn\u00adli\u00adche Mischung zum besten Espres\u00adso Deutschlands.<\/p>\n<p style=\"text-align: justify;\"><strong>Kaf\u00adfee<\/strong><\/p>\n<p style=\"text-align: justify;\"><img loading=\"lazy\" decoding=\"async\" class=\"size-medium wp-image-5035 alignright\" src=\"https:\/\/www.kloster-weltenburg.de\/wp-content\/uploads\/2020\/06\/Kaffee1-207x300.jpg\" alt width=\"207\" height=\"300\" srcset=\"https:\/\/www.kloster-weltenburg.de\/wp-content\/uploads\/2020\/06\/Kaffee1-207x300.jpg 207w, https:\/\/www.kloster-weltenburg.de\/wp-content\/uploads\/2020\/06\/Kaffee1-350x506.jpg 350w, https:\/\/www.kloster-weltenburg.de\/wp-content\/uploads\/2020\/06\/Kaffee1.jpg 553w\" sizes=\"auto, (max-width: 207px) 100vw, 207px\">Unser Kaf\u00adfee basiert auf einer ausgewo\u00adge\u00adnen Mischung aus kolum\u00adbia\u00adni\u00adschen Kaf\u00adfee\u00adsor\u00adten. Er zeich\u00adnet sich aus durch eine mil\u00adde S\u00e4u\u00adre, ein wei\u00adches und fei\u00adnes Aro\u00adma und einen kr\u00e4f\u00adti\u00adgen, run\u00adden Geschmack.<\/p>\n<div class=\"wp-block-spacer\" style=\"text-align: justify;\" aria-hidden=\"true\">&nbsp;<\/div>\n<p style=\"text-align: justify;\"><em>Erh\u00e4l\u00adtlich als gan\u00adze Boh\u00adne oder auch gema\u00adhlen<\/em>.<\/p>\n<p style=\"text-align: justify;\"><strong>250 g l EUR 8,90<\/strong><\/p>\n<p style=\"text-align: justify;\">Die K\u00fcn\u00adstler\u00adbr\u00fc\u00adder Egid Qui\u00adrin und Cosmas Damian Asam, wie sie sich in unse\u00adrer Klo\u00adster\u00adkir\u00adche dar\u00adge\u00adstellt haben, zie\u00adren die Eti\u00adket\u00adten. So hof\u00adfen wir, dass Sie beim Genuss unsrer Kaf\u00adfee\u00adspe\u00adzia\u00adli\u00adt\u00e4\u00adten an einen sch\u00f6\u00adnen Tag in Klo\u00adster Welt\u00aden\u00adburg mit sei\u00adner Asam-Kir\u00adche, dem Donau\u00addurch\u00adbruch und einem der sch\u00f6n\u00adsten Bier\u00adg\u00e4r\u00adten Bayerns zur\u00fcc\u00adk\u00adden\u00adken oder mit die\u00adsem klei\u00adnen Mit\u00adbring\u00adsel Ihren Freun\u00adden und Bekann\u00adten eine Freu\u00adde machen k\u00f6nnen.<\/p>\n<div class=\"wp-block-image\" style=\"text-align: justify;\">&nbsp;<\/div>\n<h2 style=\"text-align: justify;\"><strong>\u00d6ff<\/strong><strong>nungszeiten\n<p><\/p><\/strong><\/h2>\n<p><strong>ab 16. M\u00e4rz&nbsp;2026<\/strong><br>\nMon\u00adtag bis Sonntag<br>\n10 Uhr bis 17&nbsp;Uhr<\/p>\n<p>Kar\u00adfrei\u00adtag geschlossen<\/p>\n<p><strong>ab 4. April&nbsp;2026<\/strong><br>\nMon\u00adtag bis Samstag<br>\n9 Uhr bis 18&nbsp;Uhr<br>\nSonn\u00adtag und Feiertag<br>\n10 Uhr bis 18&nbsp;Uhr<\/p>\n<\/div>\n<\/div>\n<div class=\"inhalt\">\n<div class=\"inhaltmain\">\n<div><em><span style=\"font-size: 10pt;\">\u00c4nde\u00adrun\u00adgen vorbehalten<\/span><\/em><\/div>\n<div class=\"inhaltmain_ganz\">\n<p>&nbsp;<\/p>\n<p style=\"text-align: justify;\">Welt\u00aden\u00adbur\u00adger Klo\u00adster\u00adbe\u00adtrie\u00adbe&nbsp;GmbH<br>\nKlo\u00adster\u00adla\u00adden &amp; \u2014 buchhandlung<br>\nAsam\u00adstra\u00dfe 32<br>\n93309 Kelheim<br>\nTele\u00adfon 09441 204\u20130<\/p>\n<p style=\"text-align: justify;\"><a href=\"mailto:klosterladen@kloster-weltenburg.de\">klosterladen@kloster-weltenburg.de<\/a><\/p>\n<\/div>\n<\/div>\n<\/div>\n","protected":false},"excerpt":{"rendered":"<p>Herz\u00adlich Will\u00adkom\u00admen im Klo\u00adster\u00adla\u00adden der Bene\u00addik\u00adti\u00adne\u00adrab\u00adtei St. Georg Welt\u00aden\u00adburg! In unse\u00adrem Klo\u00adster\u00adla\u00adden direkt neben der Abtei\u00adkir\u00adche bie\u00adten wir Ihnen eine Auswa\u00adhl ver\u00adschie\u00adde\u00adner Arti\u00adkel: Bibe\u00adlau\u00adsga\u00adben gei\u00ad\u00adstlich-theo\u00ad\u00adlo\u00ad\u00adgi\u00ad\u00adsche Lite\u00adra\u00adtur Bild\u00adb\u00e4n\u00adde Kin\u00ad\u00adder- und Jugend\u00adb\u00fc\u00adcher Geschen\u00adk\u00adb\u00fc\u00adcher Geschenk- und Gl\u00fcc\u00adk\u00adwun\u00adsch\u00adkar\u00adten Ansi\u00adch\u00adtskar\u00adten Rosen\u00adkr\u00e4n\u00adze Holz\u00adsch\u00adni\u00adtze\u00adreien, Iko\u00adnen, Bron\u00adze\u00adkun\u00adst und wei\u00adte\u00adre reli\u00adgi\u00f6\u00adse Kun\u00adstar\u00adti\u00adkel Ker\u00adzen f\u00fcr die ver\u00adschie\u00adden\u00adsten Anl\u00e4s\u00adse: Tauf- und Hoch\u00adzei\u00adtsker\u00adzen, Sch\u00admuck\u00adker\u00adzen in Han\u00addar\u00adbeit gefertigt&nbsp;\u2026&nbsp;<\/p>\n<p class=\"link-more\"><a href=\"https:\/\/www.kloster-weltenburg.de\/it\/klosterladen\/\" class=\"more-link\">Leg\u00adgi tut\u00adto<span class=\"screen-reader-text\"> \u201cKlo\u00adster\u00adla\u00adden\u201d<\/span><\/a><\/p>\n","protected":false},"author":2,"featured_media":5098,"parent":0,"menu_order":0,"comment_status":"closed","ping_status":"closed","template":"","meta":{"wp_typography_post_enhancements_disabled":false,"ngg_post_thumbnail":0,"footnotes":""},"class_list":["post-78","page","type-page","status-publish","has-post-thumbnail","hentry"],"_links":{"self":[{"href":"https:\/\/www.kloster-weltenburg.de\/it\/wp-json\/wp\/v2\/pages\/78","targetHints":{"allow":["GET"]}}],"collection":[{"href":"https:\/\/www.kloster-weltenburg.de\/it\/wp-json\/wp\/v2\/pages"}],"about":[{"href":"https:\/\/www.kloster-weltenburg.de\/it\/wp-json\/wp\/v2\/types\/page"}],"author":[{"embeddable":true,"href":"https:\/\/www.kloster-weltenburg.de\/it\/wp-json\/wp\/v2\/users\/2"}],"replies":[{"embeddable":true,"href":"https:\/\/www.kloster-weltenburg.de\/it\/wp-json\/wp\/v2\/comments?post=78"}],"version-history":[{"count":45,"href":"https:\/\/www.kloster-weltenburg.de\/it\/wp-json\/wp\/v2\/pages\/78\/revisions"}],"predecessor-version":[{"id":7047,"href":"https:\/\/www.kloster-weltenburg.de\/it\/wp-json\/wp\/v2\/pages\/78\/revisions\/7047"}],"wp:featuredmedia":[{"embeddable":true,"href":"https:\/\/www.kloster-weltenburg.de\/it\/wp-json\/wp\/v2\/media\/5098"}],"wp:attachment":[{"href":"https:\/\/www.kloster-weltenburg.de\/it\/wp-json\/wp\/v2\/media?parent=78"}],"curies":[{"name":"wp","href":"https:\/\/api.w.org\/{rel}","templated":true}]}}